{"id":977,"date":"2013-11-17T09:51:38","date_gmt":"2013-11-17T08:51:38","guid":{"rendered":"http:\/\/www.worwani.eu\/?page_id=977"},"modified":"2013-11-17T09:53:42","modified_gmt":"2013-11-17T08:53:42","slug":"sazava-pro-kajakarsky-poter","status":"publish","type":"page","link":"https:\/\/www.worwani.eu\/?page_id=977","title":{"rendered":"S\u00e1zava pro kajak\u00e1\u0159sk\u00fd pot\u011br"},"content":{"rendered":"<p><a href=\"http:\/\/www.worwani.eu\/wp-content\/uploads\/2013\/11\/clanek_sazava_012.jpg\"><img loading=\"lazy\" decoding=\"async\" class=\"size-full wp-image-980 alignleft\" alt=\"clanek_sazava_01\" src=\"http:\/\/www.worwani.eu\/wp-content\/uploads\/2013\/11\/clanek_sazava_012.jpg\" width=\"210\" height=\"140\" srcset=\"https:\/\/www.worwani.eu\/wp-content\/uploads\/2013\/11\/clanek_sazava_012.jpg 210w, https:\/\/www.worwani.eu\/wp-content\/uploads\/2013\/11\/clanek_sazava_012-150x100.jpg 150w, https:\/\/www.worwani.eu\/wp-content\/uploads\/2013\/11\/clanek_sazava_012-120x80.jpg 120w\" sizes=\"auto, (max-width: 210px) 100vw, 210px\" \/><\/a> \u00a0V ned\u011bli ne 9. z\u00e1\u0159\u00ed L.P. 2007 jsme s Karlosem a B\u00e1bou vyrazili na S\u00e1zavu za\u0161kolovat worwan\u00ed nov\u00e1\u010dky Slunce a Mon\u010du. Oba se n\u00e1ramn\u011b t\u011b\u0161ili na Teplou a n\u00e1s trochu d\u011bsil fakt, \u017ee oba dva sed\u011bli v kajaku akor\u00e1t na rybn\u00edce a Tepl\u00e1 te\u010de u\u017e za t\u00fdden. Cht\u011bli jsme si d\u00e1t n\u00e1\u0161 obl\u00edben\u00fd klikat\u00fd \u00fasek za P\u0159ibyslav\u00ed. Jeliko\u017e u\u017e ale n\u011bkolik dn\u00ed pr\u0161elo a ze v\u0161ech kout\u016f republiky hl\u00e1sili povodn\u011b, noc p\u0159edt\u00edm jsem t\u00e9m\u011b\u0159 nespal. Obest\u00edraly mne chmurn\u00e9 p\u0159edstavy, kterak tah\u00e1me Slunce zakl\u00edn\u011bn\u00e9 pod stromem, jak k smrti vyd\u011b\u0161en\u00e1 M\u00f3\u0148a krys\u00ed v p\u011btkov\u00fd pe\u0159eji a tak podobn\u011b&#8230;<\/p>\n<p>Hned na \u00favod n\u00e1s v P\u0159ibyslavi polapila policie a j\u00e1 musel dejchat a B\u00e1ba hledat pap\u00edry od auta. Shodli jsme se pak na tom, \u017ee obr\u00e1cen\u011b by to bylo asi dramati\u010dt\u011bj\u0161\u00ed. B\u00e1ba byl po pitce a u m\u011b v aut\u011b se zas v\u011bci men\u0161\u00ed fotbalov\u00e9ho m\u00ed\u010de prost\u011b nedaj\u00ed naj\u00edt&#8230;<\/p>\n<p><img loading=\"lazy\" decoding=\"async\" class=\"size-medium wp-image-982 alignright\" style=\"font-size: 12px; line-height: 18px;\" alt=\"clanek_sazava_03\" src=\"http:\/\/www.worwani.eu\/wp-content\/uploads\/2013\/11\/clanek_sazava_032.jpg\" width=\"210\" height=\"140\" srcset=\"https:\/\/www.worwani.eu\/wp-content\/uploads\/2013\/11\/clanek_sazava_032.jpg 210w, https:\/\/www.worwani.eu\/wp-content\/uploads\/2013\/11\/clanek_sazava_032-150x100.jpg 150w, https:\/\/www.worwani.eu\/wp-content\/uploads\/2013\/11\/clanek_sazava_032-120x80.jpg 120w\" sizes=\"auto, (max-width: 210px) 100vw, 210px\" \/>Pod mostem rostly kop\u0159ivy a bodl\u00e1ky. Co n\u00e1s ale trochu zarazilo \u2013 nebyla tam S\u00e1zava. Kdybych ji tam p\u0159ed p\u016fl rokem na vlastn\u00ed o\u010di nevid\u011bl, myslel bych, \u017ee jsme se spletli. Po chvilce hled\u00e1n\u00ed jsme ji mezi kop\u0159ivami na\u0161li a dokonce se na ni ve\u0161ly i lod\u011b. Pot\u00e9, co jsme p\u0159edrncali po \u0161utrech \u00favodn\u00edch n\u011bkolik des\u00edtek metr\u016f, jak\u00e1s tak\u00e1s voda se p\u0159ece jen objevila. Dokonce sta\u010dila i na to, aby oba nov\u00e1\u010dci pot\u00e9, co jsme je donutili tr\u00e9novat vyleh\u00e1v\u00e1n\u00ed a eskymov\u00e1n\u00ed, \u00fasp\u011b\u0161n\u011b vykrysili \u2013 a dokonce mysl\u00edm, \u017ee oba dvakr\u00e1t. Pravda \u2013 Sl\u016f\u0148a jednou za obrovsk\u00e9ho vlnobit\u00ed a l\u00edt\u00e1n\u00ed kapr\u016f vzduchem zdvihl!<\/p>\n<p>Ten den byl ve znamen\u00ed premi\u00e9r a derni\u00e9r: Slunce byl se sv\u00fdm nov\u00fdm Bluntem poprv\u00e9 na \u0159ece, B\u00e1ba se lou\u010dil se sv\u00fdm Lettmanem (nechce \u0159\u00edct, komu ho prodal, lotr jeden), Mon\u010da se seznamovala s Herr Donnervogelem, kter\u00e9ho jsem j\u00ed toho dne prodal a j\u00e1 otloukal o \u0161utry Beziho Rage a t\u011b\u0161il se na novou lodi\u010dku, kter\u00e1 u\u017e se pro m\u011b chystala v Brn\u011b a kter\u00e1 je\u00a0skoro stejn\u00e1. Jen u Karlose se nic nezm\u011bnilo a Bezi m\u011bl r\u00fdmi\u010dku a ka\u0161l\u00ed\u010dek (a mo\u017en\u00e1 dokonce i tepl\u016ftku), tak\u017ee v\u016fbec nebyl na vod\u011b:-)<\/p>\n<p><img loading=\"lazy\" decoding=\"async\" class=\"size-medium wp-image-981 alignleft\" style=\"font-size: 12px; line-height: 18px;\" alt=\"clanek_sazava_02\" src=\"http:\/\/www.worwani.eu\/wp-content\/uploads\/2013\/11\/clanek_sazava_022.jpg\" width=\"210\" height=\"140\" srcset=\"https:\/\/www.worwani.eu\/wp-content\/uploads\/2013\/11\/clanek_sazava_022.jpg 210w, https:\/\/www.worwani.eu\/wp-content\/uploads\/2013\/11\/clanek_sazava_022-150x100.jpg 150w, https:\/\/www.worwani.eu\/wp-content\/uploads\/2013\/11\/clanek_sazava_022-120x80.jpg 120w\" sizes=\"auto, (max-width: 210px) 100vw, 210px\" \/>Cestou jsme hledali tr\u00e9ninkov\u00e1 m\u00edste\u010dka, ale p\u0159i tak prachb\u00eddn\u00e9m stavu vody v ka\u017ed\u00e9 vlnce i vrac\u00e1ku \u010d\u00edhal \u0161utr, tak\u017ee \u017e\u00e1dn\u00e1 extra z\u00e1bava&#8230; Ta p\u0159i\u0161la a\u017e o chv\u00edli pozd\u011bji, kdy se n\u00e1m M\u00f3\u0148a nalepila s kajakem na strom a velkolep\u011b vykrysila. O kousek d\u00e1l \u010d\u00edhal t\u011bsn\u011b nad hladinou kmen p\u0159es celou \u0159eku. V\u0161ichni jsme se elegantn\u011b p\u0159ehoupli a asi na sedm\u00fd pokus to zvl\u00e1dl za u\u0161idr\u00e1saj\u00edc\u00edho praskotu d\u0159eva a lod\u011b se sv\u00fdm parn\u00edkem i Slun\u00ed\u010dko (st\u00e1le s nezdolateln\u00fdm \u00fasm\u011bvem na tv\u00e1\u0159i). Ten mu z\u016fstal i ve chv\u00edli, kdy se pr\u00e1skl v provalen\u00e9m jezu u \u0160tukhejla. St\u00e1l jsem tam s fo\u0165\u00e1kem v ruce a tuhla mi krev v \u017eil\u00e1ch, ale Sl\u016f\u0148a to t\u00e9m\u011b\u0159, \u0159ekl bych \u017ee a\u017e nad\u0161en\u011b nap\u00e1lil do \u0161utru, ten ho pr\u00e1skl a kdy\u017e ho lo\u010f vl\u00e1\u010dela po \u0161utrech kolem m\u011b, st\u00e1le se usm\u00edval a cosi optimisticky pok\u0159ikoval. Pak ho kone\u010dn\u011b napadlo, \u017ee v t\u0159iceti centimetrech vody a v t\u00e9hle situaci asi nezdvihne a st\u00e1le je\u0161t\u011b z\u00e1\u0159\u00edc\u00ed kone\u010dn\u011b vylezl&#8230;<\/p>\n<p>A pak u\u017e posledn\u00ed zat\u00e1\u010dka, hled\u00e1n\u00ed voln\u00e9ho pr\u016fjezdu pod mostem (\u017e\u00e1dnej tam nebyl:-) ), v\u00e1z\u00e1n\u00ed lod\u00ed na auta a hur\u00e1 dom\u016f!<\/p>\n","protected":false},"excerpt":{"rendered":"<p><a href=\"http:\/\/www.worwani.eu\/wp-content\/uploads\/2013\/11\/clanek_sazava_012.jpg\"><img loading=\"lazy\" decoding=\"async\" class=\"size-full wp-image-980 alignleft\" alt=\"clanek_sazava_01\" src=\"http:\/\/www.worwani.eu\/wp-content\/uploads\/2013\/11\/clanek_sazava_012.jpg\" width=\"210\" height=\"140\" srcset=\"https:\/\/www.worwani.eu\/wp-content\/uploads\/2013\/11\/clanek_sazava_012.jpg 210w, https:\/\/www.worwani.eu\/wp-content\/uploads\/2013\/11\/clanek_sazava_012-150x100.jpg 150w, https:\/\/www.worwani.eu\/wp-content\/uploads\/2013\/11\/clanek_sazava_012-120x80.jpg 120w\" sizes=\"auto, (max-width: 210px) 100vw, 210px\" \/><\/a> \u00a0V ned\u011bli ne 9. z\u00e1\u0159\u00ed L.P. 2007 jsme s Karlosem a B\u00e1bou vyrazili na S\u00e1zavu za\u0161kolovat worwan\u00ed nov\u00e1\u010dky Slunce a Mon\u010du. Oba se n\u00e1ramn\u011b t\u011b\u0161ili na Teplou a n\u00e1s trochu d\u011bsil fakt, \u017ee oba dva sed\u011bli v kajaku akor\u00e1t na rybn\u00edce a Tepl\u00e1 te\u010de u\u017e za t\u00fdden. Cht\u011bli jsme si d\u00e1t n\u00e1\u0161 obl\u00edben\u00fd klikat\u00fd \u00fasek za P\u0159ibyslav\u00ed. Jeliko\u017e u\u017e ale n\u011bkolik dn\u00ed pr\u0161elo a ze v\u0161ech kout\u016f republiky hl\u00e1sili povodn\u011b, noc p\u0159edt\u00edm jsem t\u00e9m\u011b\u0159 nespal. Obest\u00edraly mne  \u2026 <a href=\"https:\/\/www.worwani.eu\/?page_id=977\">pro pokra\u010dov\u00e1n\u00ed ve \u010dten\u00ed klikn\u011bte tady&#8230; <span class=\"meta-nav\">&rarr; <\/span><\/a><\/p>\n","protected":false},"author":2,"featured_media":0,"parent":797,"menu_order":0,"comment_status":"open","ping_status":"open","template":"","meta":{"_bbp_topic_count":0,"_bbp_reply_count":0,"_bbp_total_topic_count":0,"_bbp_total_reply_count":0,"_bbp_voice_count":0,"_bbp_anonymous_reply_count":0,"_bbp_topic_count_hidden":0,"_bbp_reply_count_hidden":0,"_bbp_forum_subforum_count":0,"footnotes":""},"class_list":["post-977","page","type-page","status-publish","hentry"],"_links":{"self":[{"href":"https:\/\/www.worwani.eu\/index.php?rest_route=\/wp\/v2\/pages\/977","targetHints":{"allow":["GET"]}}],"collection":[{"href":"https:\/\/www.worwani.eu\/index.php?rest_route=\/wp\/v2\/pages"}],"about":[{"href":"https:\/\/www.worwani.eu\/index.php?rest_route=\/wp\/v2\/types\/page"}],"author":[{"embeddable":true,"href":"https:\/\/www.worwani.eu\/index.php?rest_route=\/wp\/v2\/users\/2"}],"replies":[{"embeddable":true,"href":"https:\/\/www.worwani.eu\/index.php?rest_route=%2Fwp%2Fv2%2Fcomments&post=977"}],"version-history":[{"count":3,"href":"https:\/\/www.worwani.eu\/index.php?rest_route=\/wp\/v2\/pages\/977\/revisions"}],"predecessor-version":[{"id":979,"href":"https:\/\/www.worwani.eu\/index.php?rest_route=\/wp\/v2\/pages\/977\/revisions\/979"}],"up":[{"embeddable":true,"href":"https:\/\/www.worwani.eu\/index.php?rest_route=\/wp\/v2\/pages\/797"}],"wp:attachment":[{"href":"https:\/\/www.worwani.eu\/index.php?rest_route=%2Fwp%2Fv2%2Fmedia&parent=977"}],"curies":[{"name":"wp","href":"https:\/\/api.w.org\/{rel}","templated":true}]}}