{"id":817,"date":"2013-11-16T12:06:36","date_gmt":"2013-11-16T11:06:36","guid":{"rendered":"http:\/\/www.worwani.eu\/?page_id=817"},"modified":"2013-11-16T12:24:20","modified_gmt":"2013-11-16T11:24:20","slug":"divoka-orlice-liticky-oblouk","status":"publish","type":"page","link":"https:\/\/www.worwani.eu\/?page_id=817","title":{"rendered":"Divok\u00e1 Orlice &#8211; Litick\u00fd oblouk"},"content":{"rendered":"<div><\/div>\n<div>\n<p>M\u00e1me jet \u010dty\u0159i. J\u00e1, K\u00e1ja, Bezi a Ad\u00e1mek. Ten si na Labi p\u0159ed t\u00fddnem zmrvil prst, tak\u017ee n\u00e1m m\u00e1 d\u011blat \u0159idi\u010de. Bereme samoz\u0159ejm\u011b moje auto (jak jinak, \u017ee&#8230;) a kdy\u017e s K\u00e1jou doj\u00ed\u017ed\u00edme do Vil\u00e9mova pro kluky, zji\u0161\u0165ujem, \u017ee Ad\u00e1mek tam nen\u00ed. Skv\u011bl\u00fd! Zase si v\u00fdborn\u011b za\u0159\u00edd\u00edm a p\u0159ijedu dom\u016f s autem pln\u00fdm plechovek od piva&#8230;<\/p>\n<p><img loading=\"lazy\" decoding=\"async\" class=\"size-medium wp-image-822 alignleft\" style=\"font-size: 12px;\" alt=\"clanek_orlice_03\" src=\"http:\/\/www.worwani.eu\/wp-content\/uploads\/2013\/11\/clanek_orlice_03.jpg\" width=\"210\" height=\"139\" srcset=\"https:\/\/www.worwani.eu\/wp-content\/uploads\/2013\/11\/clanek_orlice_03.jpg 210w, https:\/\/www.worwani.eu\/wp-content\/uploads\/2013\/11\/clanek_orlice_03-150x99.jpg 150w, https:\/\/www.worwani.eu\/wp-content\/uploads\/2013\/11\/clanek_orlice_03-120x80.jpg 120w\" sizes=\"auto, (max-width: 210px) 100vw, 210px\" \/>Prvn\u00ed zast\u00e1vka ji\u017e tradi\u010dn\u011b p\u0159ed vil\u00e9movskou s\u00e1mo\u0161kou. Zat\u00edmco j\u00e1 si kupuju petku s vodou, kluci se handrkujou jestli Kozla nebo Gamb\u00e1\u010de. Cesta odsejp\u00e1 p\u0159ekvapiv\u011b rychle (od n\u00e1s z Brodu je to asi 120 kil\u00e1k\u016f) a do Helv\u00edkovic dor\u00e1\u017e\u00edme asi po hodin\u011b a p\u016fl. Bezi odkudsi vy\u010daruje kaf\u00ed\u010dko s ml\u00ed\u010dkem, kter\u00fd je bohu\u017eel\u00a0sladk\u00fd jak cumel ( prop\u0159\u00ed\u0161t\u011b: pamatuj si, \u017ee neslad\u00edm a koukej se podle toho za\u0159\u00eddit, jinak chod\u00ed\u0161 i s kajakem p\u011b\u0161ky!!!). J\u00e1 pak jedu s n\u011bjakou ciz\u00ed parti\u010dkou zaparkovat auto do Pot\u0161tejna. P\u0159ekvapuje m\u011b, \u017ee na dohled od \u0159eky zat\u00e1\u010d\u00edme a dr\u00e1s\u00e1me se s autama snad kil\u00e1k do krp\u00e1lu, na kter\u00fdm je h\u0159bitov. Vylejz\u00e1m z auta a nahlas uva\u017euju, kterak se s kajakama dostanem na kopec a pota\u017emo na krchov. Oni prav\u00ed, \u017ee nev\u00ed, tak\u017ee ot\u00e1\u010d\u00edme auta a jedem zase dol\u016f k \u0159ece. Zp\u00e1tky jedem jedn\u00edm autem a mus\u00edm poslouchat mno\u017estv\u00ed chv\u00e1stav\u00fdch \u0159e\u010d\u00ed, kam v\u0161ude ho\u0161i jezd\u00ed a jak d\u011bsn\u011b jsou dobr\u00fd (mimochodem \u2013 sotva jsme vypluli, proplaval kolem n\u00e1s jeden z nich, bez kajaku a ostatn\u00ed ho honili na orinok\u00e1ch z p\u016fj\u010dovny&#8230; ). Tak nev\u00edm&#8230;<\/p>\n<p><img loading=\"lazy\" decoding=\"async\" class=\"size-medium wp-image-823 alignright\" style=\"font-size: 12px;\" alt=\"clanek_orlice_04\" src=\"http:\/\/www.worwani.eu\/wp-content\/uploads\/2013\/11\/clanek_orlice_04.jpg\" width=\"210\" height=\"139\" srcset=\"https:\/\/www.worwani.eu\/wp-content\/uploads\/2013\/11\/clanek_orlice_04.jpg 210w, https:\/\/www.worwani.eu\/wp-content\/uploads\/2013\/11\/clanek_orlice_04-150x99.jpg 150w, https:\/\/www.worwani.eu\/wp-content\/uploads\/2013\/11\/clanek_orlice_04-120x80.jpg 120w\" sizes=\"auto, (max-width: 210px) 100vw, 210px\" \/>A\u017e do Litic je \u0159eka, \u0159ek bych, takov\u00e1 p\u0159\u00e1telsk\u00e1 ww1, tak\u017ee je to vcelku nuda. Nav\u00edc se d\u011bl\u00e1 p\u011bkn\u011b hnusn\u011b a chv\u00edli dokonce l\u00edtaj blesky. Bou\u0159ku tr\u00e1v\u00edme u jezu, kterej je p\u011bkn\u011b nep\u0159\u00edjemnej a spousta lid\u00ed tam plave. Plave tam i K\u00e1ja, kter\u00fdho to z kajaku katapultovalo jak z grippenu. Lov\u00edme ho na h\u00e1ze\u010dce a je\u0161t\u011b ne\u017e ji sta\u010d\u00edme smotat, u\u017e na n\u00ed lov\u00edme dal\u0161\u00edho. Pak stav\u00edme v Bohousov\u00e9. Chlejst\u00e1 jak z konve. Hasi\u010di tam na louce maj jakejsi kiosek, kde prod\u00e1vaj bu\u0159ty a pivo. Pod n\u00edm se t\u00edsn\u00ed tuny lid\u00ed,\u00a0tak\u017ee zalejz\u00e1me dozadu pod kousek okapu, kterej je\u0161t\u011b nikdo nena\u0161el. Pr\u0161\u00ed, pivo je hnusn\u00fd, klob\u00e1sy drah\u00fd, voda nudn\u00e1, tak\u017ee si pomalu za\u010d\u00edn\u00e1me \u0159\u00edkat, co tady vlastn\u011b d\u011bl\u00e1me&#8230;<\/p>\n<p><img loading=\"lazy\" decoding=\"async\" class=\"size-medium wp-image-821 alignleft\" style=\"font-size: 12px;\" alt=\"clanek_orlice_02\" src=\"http:\/\/www.worwani.eu\/wp-content\/uploads\/2013\/11\/clanek_orlice_02.jpg\" width=\"210\" height=\"157\" srcset=\"https:\/\/www.worwani.eu\/wp-content\/uploads\/2013\/11\/clanek_orlice_02.jpg 210w, https:\/\/www.worwani.eu\/wp-content\/uploads\/2013\/11\/clanek_orlice_02-200x150.jpg 200w, https:\/\/www.worwani.eu\/wp-content\/uploads\/2013\/11\/clanek_orlice_02-150x112.jpg 150w, https:\/\/www.worwani.eu\/wp-content\/uploads\/2013\/11\/clanek_orlice_02-160x120.jpg 160w\" sizes=\"auto, (max-width: 210px) 100vw, 210px\" \/>&#8230;a pak to p\u0159ijde! Asi kil\u00e1k d\u00e1l po proudu za\u010d\u00edn\u00e1 vlastn\u00ed litick\u00fd oblouk. Za\u010d\u00edn\u00e1 to takov\u00fdm d\u011bsiv\u011b vypadaj\u00edc\u00edm jezem, kterej ale bez probl\u00e9mu d\u00e1v\u00e1me. V tu chv\u00edli miz\u00ed mraky a ud\u011bl\u00e1 se \u00fapln\u011b n\u00e1dhern\u011b. \u00dadol\u00ed se sv\u00edr\u00e1 a \u0159eka je pln\u00e1 takov\u00fdch hrav\u00fdch pe\u0159ejek. \u0160koda jenom, \u017ee je dost m\u011blk\u00e1, tak\u017ee po\u0159\u00e1d kli\u010dkujem a stejn\u011b co chv\u00edli nadskakujem na \u0161utrech. Ale ob\u010das se najde solidn\u00ed vlna na blbnut\u00ed a nav\u00edc krajina je \u00fa\u017easn\u00e1, tak\u017ee je na co koukat. Pak p\u0159ib\u00fdv\u00e1 i vody z n\u00e1honu elektr\u00e1rny a tak jsme \u010d\u00edm d\u00e1l v\u00edc nad\u0161en\u00ed. Vlny, v\u00e1le\u010dky, vrac\u00e1ky, v\u0161echno takov\u00fd akor\u00e1t na hran\u00ed. Nedaleko p\u0159ed Pot\u0161tejnem potk\u00e1v\u00e1me je\u0161t\u011b jeden vtipnej jez. Ten se d\u00e1 hladce sjet po takov\u00fd betonov\u00fd p\u011bt metr\u016f \u0161irok\u00fd plotn\u011b p\u0159i prav\u00fd stran\u011b. K\u00e1ja se samoz\u0159ejm\u011b trefil o metr vedle&#8230; V Pot\u0161tejn\u011b lezem vcelku neradi z lod\u00ed a slibujem si, \u017ee se sem vr\u00e1t\u00edme za v\u011bt\u0161\u00ed vody.<\/p>\n<\/div>\n","protected":false},"excerpt":{"rendered":"<p>M\u00e1me jet \u010dty\u0159i. J\u00e1, K\u00e1ja, Bezi a Ad\u00e1mek. Ten si na Labi p\u0159ed t\u00fddnem zmrvil prst, tak\u017ee n\u00e1m m\u00e1 d\u011blat \u0159idi\u010de. Bereme samoz\u0159ejm\u011b moje auto (jak jinak, \u017ee&#8230;) a kdy\u017e s K\u00e1jou doj\u00ed\u017ed\u00edme do Vil\u00e9mova pro kluky, zji\u0161\u0165ujem, \u017ee Ad\u00e1mek tam nen\u00ed. Skv\u011bl\u00fd! Zase si v\u00fdborn\u011b za\u0159\u00edd\u00edm a p\u0159ijedu dom\u016f s autem pln\u00fdm plechovek od piva&#8230;<\/p>\n<p><img loading=\"lazy\" decoding=\"async\" class=\"size-medium wp-image-822 alignleft\" style=\"font-size: 12px;\" alt=\"clanek_orlice_03\" src=\"http:\/\/www.worwani.eu\/wp-content\/uploads\/2013\/11\/clanek_orlice_03.jpg\" width=\"210\" height=\"139\" srcset=\"https:\/\/www.worwani.eu\/wp-content\/uploads\/2013\/11\/clanek_orlice_03.jpg 210w, https:\/\/www.worwani.eu\/wp-content\/uploads\/2013\/11\/clanek_orlice_03-150x99.jpg 150w, https:\/\/www.worwani.eu\/wp-content\/uploads\/2013\/11\/clanek_orlice_03-120x80.jpg 120w\" sizes=\"auto, (max-width: 210px) 100vw, 210px\" \/>Prvn\u00ed zast\u00e1vka ji\u017e tradi\u010dn\u011b p\u0159ed vil\u00e9movskou s\u00e1mo\u0161kou. Zat\u00edmco j\u00e1 si kupuju petku s vodou, kluci se handrkujou jestli Kozla nebo Gamb\u00e1\u010de.  \u2026 <a href=\"https:\/\/www.worwani.eu\/?page_id=817\">pro pokra\u010dov\u00e1n\u00ed ve \u010dten\u00ed klikn\u011bte tady&#8230; <span class=\"meta-nav\">&rarr; <\/span><\/a><\/p>\n","protected":false},"author":2,"featured_media":0,"parent":797,"menu_order":0,"comment_status":"open","ping_status":"open","template":"","meta":{"_bbp_topic_count":0,"_bbp_reply_count":0,"_bbp_total_topic_count":0,"_bbp_total_reply_count":0,"_bbp_voice_count":0,"_bbp_anonymous_reply_count":0,"_bbp_topic_count_hidden":0,"_bbp_reply_count_hidden":0,"_bbp_forum_subforum_count":0,"footnotes":""},"class_list":["post-817","page","type-page","status-publish","hentry"],"_links":{"self":[{"href":"https:\/\/www.worwani.eu\/index.php?rest_route=\/wp\/v2\/pages\/817","targetHints":{"allow":["GET"]}}],"collection":[{"href":"https:\/\/www.worwani.eu\/index.php?rest_route=\/wp\/v2\/pages"}],"about":[{"href":"https:\/\/www.worwani.eu\/index.php?rest_route=\/wp\/v2\/types\/page"}],"author":[{"embeddable":true,"href":"https:\/\/www.worwani.eu\/index.php?rest_route=\/wp\/v2\/users\/2"}],"replies":[{"embeddable":true,"href":"https:\/\/www.worwani.eu\/index.php?rest_route=%2Fwp%2Fv2%2Fcomments&post=817"}],"version-history":[{"count":3,"href":"https:\/\/www.worwani.eu\/index.php?rest_route=\/wp\/v2\/pages\/817\/revisions"}],"predecessor-version":[{"id":819,"href":"https:\/\/www.worwani.eu\/index.php?rest_route=\/wp\/v2\/pages\/817\/revisions\/819"}],"up":[{"embeddable":true,"href":"https:\/\/www.worwani.eu\/index.php?rest_route=\/wp\/v2\/pages\/797"}],"wp:attachment":[{"href":"https:\/\/www.worwani.eu\/index.php?rest_route=%2Fwp%2Fv2%2Fmedia&parent=817"}],"curies":[{"name":"wp","href":"https:\/\/api.w.org\/{rel}","templated":true}]}}