{"id":797,"date":"2013-11-16T11:43:05","date_gmt":"2013-11-16T10:43:05","guid":{"rendered":"http:\/\/www.worwani.eu\/?page_id=797"},"modified":"2013-11-17T14:02:13","modified_gmt":"2013-11-17T13:02:13","slug":"2007-2","status":"publish","type":"page","link":"https:\/\/www.worwani.eu\/?page_id=797","title":{"rendered":"2007"},"content":{"rendered":"<p><a href=\"http:\/\/www.worwani.eu\/?page_id=799\"><strong>Oh\u0159e 2006<\/strong><\/a><\/p>\n<p><a href=\"http:\/\/www.worwani.eu\/?page_id=802\"><strong>Salza a Mur na podzim 2006<\/strong><\/a><\/p>\n<p><a href=\"http:\/\/www.worwani.eu\/?page_id=805\"><strong>Zima 2006 &#8211; 2007 aneb S\u00e1zava 3 x jinak<\/strong><\/a><\/p>\n<p><a href=\"http:\/\/www.worwani.eu\/?page_id=809\"><strong>Odemyk\u00e1n\u00ed Doubravy 2007<\/strong><\/a><\/p>\n<p><a href=\"http:\/\/www.worwani.eu\/?page_id=812\"><strong>Labe 2007<\/strong><\/a><\/p>\n<p><a href=\"http:\/\/www.worwani.eu\/?page_id=817\"><strong>Divok\u00e1 Orlice &#8211; Litick\u00fd oblouk<\/strong><\/a><\/p>\n<p><a href=\"http:\/\/www.worwani.eu\/?page_id=827\"><strong>Dv\u011b tv\u00e1\u0159e Vltavy (Slapy a Troja)<\/strong><\/a><\/p>\n<p><a href=\"http:\/\/www.worwani.eu\/?page_id=925\"><strong>V\u00edkendov\u00e1 pir\u00e1tsk\u00e1 S\u00e1zava<\/strong><\/a><\/p>\n<p><a href=\"http:\/\/www.worwani.eu\/?page_id=935\"><strong>T\u011b\u017ek\u00fd osud osam\u011bl\u00e9ho kajak\u00e1\u0159e na Vltav\u011b<\/strong><\/a><\/p>\n<p><a href=\"http:\/\/www.worwani.eu\/?page_id=938\"><strong>D\u011btsk\u00fd vod\u00e1ck\u00fd t\u00e1bor &#8211; Oh\u0159e 2007<\/strong><\/a><\/p>\n<p><a href=\"http:\/\/www.worwani.eu\/?page_id=946\"><strong>Otava 2007 na kajaku, k\u00e1noi a na kole<\/strong><\/a><\/p>\n<p><a href=\"http:\/\/www.worwani.eu\/?page_id=956\"><strong>Rakousko a Slovinsko 2007 &#8211; 1. \u010d\u00e1st<\/strong><\/a><\/p>\n<p><a href=\"http:\/\/www.worwani.eu\/?page_id=967\"><strong>Rakousko a Slovinsko 2007 &#8211; \u010d\u00e1st druh\u00e1<\/strong><\/a><\/p>\n<p><a href=\"http:\/\/www.worwani.eu\/?page_id=977\"><strong>S\u00e1zava pro kajak\u00e1\u0159sk\u00fd pot\u011br<\/strong><\/a><\/p>\n<p><a href=\"http:\/\/www.worwani.eu\/?page_id=1006\"><strong>Galave\u010der WorWan\u00edch a sb\u00edrka na d\u011btsk\u00fd domov<\/strong><\/a><\/p>\n<p><a href=\"http:\/\/www.worwani.eu\/?page_id=1016\"><strong>Hamer\u00e1k 2007<\/strong><\/a><\/p>\n<p><a href=\"http:\/\/www.worwani.eu\/?page_id=1024\"><strong>Vav\u0159ineck\u00fd potok 2006 a 2007<\/strong><\/a><\/p>\n<p><a href=\"http:\/\/www.worwani.eu\/?page_id=1033\"><strong>S\u00e1zava 2 v\u00edkendy po sob\u011b<\/strong><\/a><\/p>\n<p><a href=\"http:\/\/www.worwani.eu\/?page_id=1042\"><strong>Tepl\u00e1 a Lomnick\u00fd potok 2007<\/strong><\/a><\/p>\n","protected":false},"excerpt":{"rendered":"<p><a href=\"http:\/\/www.worwani.eu\/?page_id=799\"><strong>Oh\u0159e 2006<\/strong><\/a><\/p>\n<p><a href=\"http:\/\/www.worwani.eu\/?page_id=802\"><strong>Salza a Mur na podzim 2006<\/strong><\/a><\/p>\n<p><a href=\"http:\/\/www.worwani.eu\/?page_id=805\"><strong>Zima 2006 &#8211; 2007 aneb S\u00e1zava 3 x jinak<\/strong><\/a><\/p>\n<p><a href=\"http:\/\/www.worwani.eu\/?page_id=809\"><strong>Odemyk\u00e1n\u00ed Doubravy 2007<\/strong><\/a><\/p>\n<p><a href=\"http:\/\/www.worwani.eu\/?page_id=812\"><strong>Labe 2007<\/strong><\/a><\/p>\n<p><a href=\"http:\/\/www.worwani.eu\/?page_id=817\"><strong>Divok\u00e1 Orlice &#8211; Litick\u00fd oblouk<\/strong><\/a><\/p>\n<p><a href=\"http:\/\/www.worwani.eu\/?page_id=827\"><strong>Dv\u011b tv\u00e1\u0159e Vltavy (Slapy a Troja)<\/strong><\/a><\/p>\n<p><a href=\"http:\/\/www.worwani.eu\/?page_id=925\"><strong>V\u00edkendov\u00e1 pir\u00e1tsk\u00e1 S\u00e1zava<\/strong><\/a><\/p>\n<p><a href=\"http:\/\/www.worwani.eu\/?page_id=935\"><strong>T\u011b\u017ek\u00fd osud osam\u011bl\u00e9ho kajak\u00e1\u0159e na Vltav\u011b<\/strong><\/a><\/p>\n<p><a href=\"http:\/\/www.worwani.eu\/?page_id=938\"><strong>D\u011btsk\u00fd vod\u00e1ck\u00fd t\u00e1bor &#8211; Oh\u0159e 2007<\/strong><\/a><\/p>\n<p><a href=\"http:\/\/www.worwani.eu\/?page_id=946\"><strong>Otava 2007 na kajaku, k\u00e1noi a na kole<\/strong><\/a><\/p>\n<p><a href=\"http:\/\/www.worwani.eu\/?page_id=956\"><strong>Rakousko a Slovinsko 2007 &#8211; 1. \u010d\u00e1st<\/strong><\/a><\/p>\n<p><a href=\"http:\/\/www.worwani.eu\/?page_id=967\"><strong>Rakousko a Slovinsko 2007 &#8211; \u010d\u00e1st druh\u00e1<\/strong><\/a><\/p>\n<p><a href=\"http:\/\/www.worwani.eu\/?page_id=977\"><strong>S\u00e1zava pro kajak\u00e1\u0159sk\u00fd pot\u011br<\/strong><\/a><\/p>\n<p><a href=\"http:\/\/www.worwani.eu\/?page_id=1006\"><strong>Galave\u010der WorWan\u00edch a sb\u00edrka na d\u011btsk\u00fd domov<\/strong><\/a><\/p>\n<p><a href=\"http:\/\/www.worwani.eu\/?page_id=1016\"><strong>Hamer\u00e1k 2007<\/strong><\/a><\/p>\n<p><a  \u2026 <a href=\"https:\/\/www.worwani.eu\/?page_id=797\">pro pokra\u010dov\u00e1n\u00ed ve \u010dten\u00ed klikn\u011bte tady&#8230; <span class=\"meta-nav\">&rarr; <\/span><\/a><\/p>\n","protected":false},"author":2,"featured_media":0,"parent":71,"menu_order":0,"comment_status":"open","ping_status":"open","template":"","meta":{"_bbp_topic_count":0,"_bbp_reply_count":0,"_bbp_total_topic_count":0,"_bbp_total_reply_count":0,"_bbp_voice_count":0,"_bbp_anonymous_reply_count":0,"_bbp_topic_count_hidden":0,"_bbp_reply_count_hidden":0,"_bbp_forum_subforum_count":0,"footnotes":""},"class_list":["post-797","page","type-page","status-publish","hentry"],"_links":{"self":[{"href":"https:\/\/www.worwani.eu\/index.php?rest_route=\/wp\/v2\/pages\/797","targetHints":{"allow":["GET"]}}],"collection":[{"href":"https:\/\/www.worwani.eu\/index.php?rest_route=\/wp\/v2\/pages"}],"about":[{"href":"https:\/\/www.worwani.eu\/index.php?rest_route=\/wp\/v2\/types\/page"}],"author":[{"embeddable":true,"href":"https:\/\/www.worwani.eu\/index.php?rest_route=\/wp\/v2\/users\/2"}],"replies":[{"embeddable":true,"href":"https:\/\/www.worwani.eu\/index.php?rest_route=%2Fwp%2Fv2%2Fcomments&post=797"}],"version-history":[{"count":20,"href":"https:\/\/www.worwani.eu\/index.php?rest_route=\/wp\/v2\/pages\/797\/revisions"}],"predecessor-version":[{"id":800,"href":"https:\/\/www.worwani.eu\/index.php?rest_route=\/wp\/v2\/pages\/797\/revisions\/800"}],"up":[{"embeddable":true,"href":"https:\/\/www.worwani.eu\/index.php?rest_route=\/wp\/v2\/pages\/71"}],"wp:attachment":[{"href":"https:\/\/www.worwani.eu\/index.php?rest_route=%2Fwp%2Fv2%2Fmedia&parent=797"}],"curies":[{"name":"wp","href":"https:\/\/api.w.org\/{rel}","templated":true}]}}