{"id":77,"date":"2013-11-13T09:56:17","date_gmt":"2013-11-13T08:56:17","guid":{"rendered":"http:\/\/www.worwani.eu\/?page_id=77"},"modified":"2013-11-13T09:58:02","modified_gmt":"2013-11-13T08:58:02","slug":"vltava-2004-aneb-trocha-nostalgie","status":"publish","type":"page","link":"https:\/\/www.worwani.eu\/?page_id=77","title":{"rendered":"Vltava 2004 aneb trocha nostalgie"},"content":{"rendered":"<div>\n<blockquote><p>Minulou st\u0159edu jsem v na\u0161\u00ed knihovn\u011b narazil na cosi jako 3. d\u00edl canc\u00e1ku, o kter\u00e9m jsem u\u017e d\u00e1vno nem\u011bl tu\u0161en\u00ed. Celkem m\u011b v n\u011bm pobavil tento z\u00e1pisek a proto\u017ee se t\u00fdk\u00e1 tak\u00e9 \u0159ady z v\u00e1s, rozhodl jsem se to sem hodit. Nech\u00e1v\u00e1m to bez jak\u00fdchkoli \u00faprav, tak jak jsem to tenkr\u00e1t hodil na pap\u00edr. Bohu\u017eel k tomu nem\u016f\u017eu oskenovat fotky, ale to snad p\u0159e\u017eijete.<\/p><\/blockquote>\n<p>&#8230;kdy\u017e jsme p\u0159ijeli z Ji\u017en\u00edch \u010cech, zalili jsme kytky. Pak jsme se bla\u017een\u011b vyspali ve svoj\u00ed posteli. A to bylo zase na t\u00fdden naposledy: dal\u0161\u00ed den byla toti\u017e na programu p\u00e1rty v Pohledskejch a r\u00e1no odjezd na vodu. Cel\u00e9 dopoledne jsme s klukama zu\u0159iv\u011b zvu\u010dili, ve\u010d\u00edr se s vervou chopili n\u00e1stroj\u016f a&#8230; mn\u011b prdla na Am\u00e1lce struna a bylo vymalov\u00e1no&#8230;<\/p>\n<p>Tak\u017ee r\u00e1no, kdy\u017e jsme se pomalu probrali z rumov\u00e9ho opojen\u00ed, vyrazili jsme do Jihlavy pro nov\u00e9 struny a taky kobylku. Byl jsem pran\u00fd\u0159ov\u00e1n za to, \u017ee nehraju t\u0159ebas na vaj\u00ed\u010dko, co\u017e bylo celkem nam\u00edst\u011b, nebo\u0165 vaj\u00ed\u010dko stoj\u00ed cel\u00e9 zhruba 45 K\u010d, kde\u017eto j\u00e1 vypl\u00e1z za kobylu a struny litr a na Am\u00e1lce napohled v\u016fbec nebylo vid\u011bt, \u017ee se\u017erala tolika pen\u011bz. No &#8211; \u010dasu jsme na to m\u011bli dost. M\u00e1rvovi, se kter\u00fdm jsme m\u011bli jet, bylo toti\u017e po v\u010derej\u0161ku \u0161oufl. Sv\u00e1d\u011bl to na to, \u017ee n\u011bco \u0161patn\u00e9ho sn\u011bdl. M\u00e1m za to, \u017ee sp\u00ed\u0161 n\u011bco \u0161patn\u00e9ho vypil&#8230; Tak\u017ee jsme nakonec vyrazili asi ve t\u0159i. S ostatn\u00edma jsme se m\u011bli potkat a\u017e ve Vy\u0161\u00e1ku. Cestou se spustil b\u011bsnej slejv\u00e1k a vypadalo to tak, \u017ee jen tak nep\u0159estane. Taky nep\u0159estal.<\/p>\n<p>Ve Vy\u0161\u00e1ku n\u00e1s \u010dekal p\u0159epychovej igelitovn\u00edk, pod kter\u00fdm u\u017e ale sed\u011blo asi patn\u00e1ct lid\u00ed, tak\u017ee M\u00e1rv s mal\u00fdm M\u00e1rvem \u0161li sp\u00e1t rad\u0161i do hotelu. My jsme pod t\u00edm igelitovn\u00edkem a\u017e do r\u00e1na hr\u00e1li, co\u017e m\u011blo ten n\u00e1sledek, \u017ee se na n\u00e1s nalepila spousta \u00fapln\u011b cizejch lid\u00ed. To by zas a\u017e tak moc nevadilo, ale taky se na n\u00e1s pov\u011bsil hnusnej vo\u017eralej vobejda, kterej vypadal jako Vy\u010d\u00edtal a byl \u0159editelem hudebky (takovej kret\u00e9n!) &#8211; a my se ho pak zaboha nemohli zbavit.<\/p>\n<p>R\u00e1no jsme uvedli do provozu lod\u011b, J\u00e9\u0148a v\u0161em nov\u00e1\u010dk\u016fm odborn\u011b vysv\u011btlil, jak to maj\u00ed d\u011blat, aby se necvakli, na\u010de\u017e hned v prvn\u00edm jezu let\u011bl p\u0159es palubu a v panice tam st\u00e1hnul je\u0161t\u011b Karlose. Dojeli jsme do Ro\u017emberka a tam u\u017e byl zase Vy\u010d\u00edtal &#8211; celkem slu\u0161n\u011b nal\u00e1dovanej &#8211; a zaj\u00edmal se, jestli budem ve\u010der hr\u00e1t. No pot\u011b\u0161!!! Ve\u010der se op\u011bt prot\u00e1hl do r\u00e1na&#8230;<\/p>\n<p>R\u00e1no p\u0159ijeli Sl\u016f\u0148ovci se \u0160imonem, Mon\u010da a L\u00e9\u0148a Malinovic. Ten den jsme jeli jenom do Bran\u00e9. Bylo to jen kousek, ale zase nehrozilo, \u017ee tam bude Vy\u010d\u00edtal. Obvykl\u00e9ho alkoholick\u00e9ho d\u00fdch\u00e1nku se tentokr\u00e1t \u00fa\u010dastnili p\u0159edev\u0161\u00edm K\u00e1ja a Pafka. R\u00e1no jsem nakoupil asi tunu koblih\u016f, kter\u00e9 jsem potom v\u00fdhodn\u011b rozprodal. Pot\u00e9 motorist\u00e9 jeli odv\u00e9zt auta do Krumlova a my \u010dekali \u0161\u00edlen\u011b dlouho, ne\u017e se vr\u00e1t\u00ed. Obe\u0161li jsme s ho\u0161ima cel\u00fd kemp a pobrali ve\u0161ker\u00e9 d\u0159evo, co kde z\u016fstalo le\u017eet. Byla pom\u011brn\u011b slu\u0161n\u00e1 kosa, tak\u017ee jsme sp\u00e1chali mohutn\u00e9ho Bohou\u0161e. P\u0159i hled\u00e1n\u00ed d\u0159eva jsme na\u0161li i kart\u00f3n lahv\u00e1\u010d\u016f. Ten jsme pro jistotu ihned spot\u0159ebovali &#8211; co kdyby se p\u0159ihl\u00e1sil majitel.<\/p>\n<p>Kdy\u017e se vr\u00e1tili \u0159idi\u010di, m\u011bli jsme u\u017e dopito. Proto jsme neprodlen\u011b nask\u00e1kali do lod\u00ed a vypluli na Krumlov. Byl to zase jenom kousek, tak\u017ee jsme se nemuseli moc d\u0159\u00edt. O to v\u00edc jsme si mohli dovolit zaparkovat u ka\u017ed\u00e9 kr\u010dmy. V Krumlov\u011b jsme pok\u0159tili Bar\u010du a \u010cobol\u00e1ka. Malina mu ale napr\u00e1\u0161ila, co se na n\u011bj chyst\u00e1, tak\u017ee fr\u010dela do \u0159eky taky. N\u011bjak z\u00e1hadn\u011b se j\u00ed povedlo kopnout se u toho do nosu. Kdy\u017e lezla ven, chv\u00edli jsme mysleli, \u017ee jsou na Vltav\u011b piran\u011b. Pak za\u010dlo bejt p\u011bkn\u011b dusno&#8230; No, zachr\u00e1nila to a\u017e hospoda. Ob\u00e1van\u00e9 krumlovsk\u00e9 jezy byly a\u017e trapn\u011b jednoduch\u00e9. Necvakl se ani J\u00e9\u0148a.<\/p>\n<p>Dal\u0161\u00ed zast\u00e1vkou byla Zlat\u00e1 Koruna. V\u011bt\u0161ina lid\u00ed tady kon\u010dila a je\u0161t\u011b ten ve\u010der jela dom. Z\u016fstali jsme my, B\u00e1bofci, Pafkofci, Bezi, K\u00e1ja, J\u00e9\u0148a a Macek s Vlasti\u010dkou. Byli jsme tak unaven\u00ed, \u017ee jsme cht\u011bli j\u00edt brzy sp\u00e1t. Pak n\u00e1s n\u011bkdo p\u0159emluvil a\u0165 jdem hr\u00e1t. Pak n\u00e1s napadlo, \u017ee koup\u00edme griotku. Pak n\u00e1s napadlo, \u017ee koup\u00edme fernet. Pak p\u0159i\u0161li n\u011bjak\u00fd lidi a p\u0159inesli griotku a fernet. Pak byly dv\u011b r\u00e1no a my byli v\u0161ichni jak dogy. Pafka vytuhl na zemi a nereagoval v\u016fbec na nic. Tot\u00e1ln\u011b ko\u017eenej. Od t\u00e9 doby se mu \u0159\u00edk\u00e1 inspektor Ko\u017eak&#8230;<\/p>\n<p>R\u00e1no bylo kru\u0161n\u00e9. Bezi, kterej m\u011bl s B\u00e1bovcema odjet, nebyl v\u016fbec schopen \u0159\u00eddit, tak\u017ee nakonec vyr\u00e1\u017eeli asi a\u017e v jednu. My ostatn\u00ed jsme vr\u00e1vorav\u011b nalezli do lod\u00ed a pluli do Bor\u0161ova. Tam J\u00e9\u0148och a holky vr\u00e1tili lod\u011b. My ostatn\u00ed jsme se vylodili a\u017e u mostu, sbalili svoje kr\u00e1my, napr\u00e1skli se v hospod\u011b a pak jsme v\u0161ichni prospali n\u011bkolik hodin ve vlaku na cest\u011b dom\u016f.<\/p>\n<\/div>\n<hr \/>\n","protected":false},"excerpt":{"rendered":"<p>Minulou st\u0159edu jsem v na\u0161\u00ed knihovn\u011b narazil na cosi jako 3. d\u00edl canc\u00e1ku, o kter\u00e9m jsem u\u017e d\u00e1vno nem\u011bl tu\u0161en\u00ed. Celkem m\u011b v n\u011bm pobavil tento z\u00e1pisek a proto\u017ee se t\u00fdk\u00e1 tak\u00e9 \u0159ady z v\u00e1s, rozhodl jsem se to sem hodit. Nech\u00e1v\u00e1m to bez jak\u00fdchkoli \u00faprav, tak jak jsem to tenkr\u00e1t hodil na pap\u00edr. Bohu\u017eel k tomu nem\u016f\u017eu oskenovat fotky, ale to snad p\u0159e\u017eijete.<\/p>\n<p>&#8230;kdy\u017e jsme p\u0159ijeli z Ji\u017en\u00edch \u010cech, zalili jsme kytky. Pak jsme se bla\u017een\u011b vyspali ve svoj\u00ed posteli. A to bylo zase na t\u00fdden naposledy: dal\u0161\u00ed den byla toti\u017e na programu p\u00e1rty v Pohledskejch a r\u00e1no odjezd  \u2026 <a href=\"https:\/\/www.worwani.eu\/?page_id=77\">pro pokra\u010dov\u00e1n\u00ed ve \u010dten\u00ed klikn\u011bte tady&#8230; <span class=\"meta-nav\">&rarr; <\/span><\/a><\/p>\n","protected":false},"author":1,"featured_media":0,"parent":75,"menu_order":0,"comment_status":"open","ping_status":"open","template":"","meta":{"_bbp_topic_count":0,"_bbp_reply_count":0,"_bbp_total_topic_count":0,"_bbp_total_reply_count":0,"_bbp_voice_count":0,"_bbp_anonymous_reply_count":0,"_bbp_topic_count_hidden":0,"_bbp_reply_count_hidden":0,"_bbp_forum_subforum_count":0,"footnotes":""},"class_list":["post-77","page","type-page","status-publish","hentry"],"_links":{"self":[{"href":"https:\/\/www.worwani.eu\/index.php?rest_route=\/wp\/v2\/pages\/77","targetHints":{"allow":["GET"]}}],"collection":[{"href":"https:\/\/www.worwani.eu\/index.php?rest_route=\/wp\/v2\/pages"}],"about":[{"href":"https:\/\/www.worwani.eu\/index.php?rest_route=\/wp\/v2\/types\/page"}],"author":[{"embeddable":true,"href":"https:\/\/www.worwani.eu\/index.php?rest_route=\/wp\/v2\/users\/1"}],"replies":[{"embeddable":true,"href":"https:\/\/www.worwani.eu\/index.php?rest_route=%2Fwp%2Fv2%2Fcomments&post=77"}],"version-history":[{"count":4,"href":"https:\/\/www.worwani.eu\/index.php?rest_route=\/wp\/v2\/pages\/77\/revisions"}],"predecessor-version":[{"id":81,"href":"https:\/\/www.worwani.eu\/index.php?rest_route=\/wp\/v2\/pages\/77\/revisions\/81"}],"up":[{"embeddable":true,"href":"https:\/\/www.worwani.eu\/index.php?rest_route=\/wp\/v2\/pages\/75"}],"wp:attachment":[{"href":"https:\/\/www.worwani.eu\/index.php?rest_route=%2Fwp%2Fv2%2Fmedia&parent=77"}],"curies":[{"name":"wp","href":"https:\/\/api.w.org\/{rel}","templated":true}]}}