{"id":750,"date":"2013-11-16T10:57:23","date_gmt":"2013-11-16T09:57:23","guid":{"rendered":"http:\/\/www.worwani.eu\/?page_id=750"},"modified":"2013-11-16T11:00:19","modified_gmt":"2013-11-16T10:00:19","slug":"jak-jsme-testovali-raptora-robota-a-pura","status":"publish","type":"page","link":"https:\/\/www.worwani.eu\/?page_id=750","title":{"rendered":"Jak jsme testovali Raptora, Robota a Pura"},"content":{"rendered":"<p><a href=\"http:\/\/www.worwani.eu\/wp-content\/uploads\/2013\/11\/srovnani01.jpg\"><img loading=\"lazy\" decoding=\"async\" class=\"size-medium wp-image-755 alignleft\" alt=\"srovnani01\" src=\"http:\/\/www.worwani.eu\/wp-content\/uploads\/2013\/11\/srovnani01.jpg\" width=\"300\" height=\"225\" srcset=\"https:\/\/www.worwani.eu\/wp-content\/uploads\/2013\/11\/srovnani01.jpg 300w, https:\/\/www.worwani.eu\/wp-content\/uploads\/2013\/11\/srovnani01-200x150.jpg 200w, https:\/\/www.worwani.eu\/wp-content\/uploads\/2013\/11\/srovnani01-150x112.jpg 150w, https:\/\/www.worwani.eu\/wp-content\/uploads\/2013\/11\/srovnani01-160x120.jpg 160w\" sizes=\"auto, (max-width: 300px) 100vw, 300px\" \/><\/a>Tak je to tady. Dejf si po\u0159\u00eddil novej kor\u00e1b! Dokonce n\u00e1s kv\u016fli tomu donutil v p\u016flce listopadu sednout do lod\u00ed a sjet si divokou a rozb\u011bsn\u011bnou S\u00e1zavu z Perknova do Okrouhlice. Ale budi\u017e, pojali jsme to jako testovac\u00ed j\u00edzdu \u2013 v n\u00e1ro\u010dn\u00e9m ter\u00e9nu m\u00edsty a\u017e do ZWB jsme vyzkou\u0161eli Raptora od \u017delezn\u00e9ho, Pure od Prijonu a Robota od Gepla, tak\u017ee na\u0161e post\u0159ehy jsou v ka\u017ed\u00e9m p\u0159\u00edpad\u011b v\u011brohodn\u00e9 a sm\u011brodatn\u00e9 \ud83d\ude42<\/p>\n<p>St\u00e1tn\u00ed sv\u00e1tek 17. listopadu jsme oslavili ve smradlav\u00fd gum\u011b na \u0159ece, kter\u00e1 p\u0159esn\u011b v duchu nejnov\u011bj\u0161\u00ed WorWan\u00ed tradice nem\u011bla vodu. Z WorWan\u00edch jsme jeli jen \u010dty\u0159i, ale mysl\u00edm, \u017ee to bylo rozumn\u00e9, proto\u017ee ostatn\u00ed by na tak n\u00e1ro\u010dnou vodu ani nem\u011bli, nebo by ji sice p\u0159e\u017eili, ale s t\u011b\u017ek\u00fdmi \u00fajmami na t\u011blesn\u00e9m i du\u0161evn\u00edm zdrav\u00ed. V \u0159ece \u010d\u00edhaly z\u00e1stupy \u0161utr\u016f, kter\u00e9 jsme museli neust\u00e1le \u0159e\u0161it. N\u011bkter\u00e9 m\u011bly snad i dvacet centimetr\u016f. Pod chl\u00edstovsk\u00fdm mostem jsme my, co jsme se neb\u00e1li, pocvi\u010dili v obrovsk\u00e9m v\u00e1lci. M\u011bl takovou s\u00edlu, \u017ee n\u00e1m zatloukl lod\u011b a\u017e na dno \u0159eky \u2013 a to tam bylo, p\u0159\u00edsah\u00e1m, nejm\u00ed\u0148 30 \u010d\u00edsel vody! O kousek d\u00e1l &#8211; u Doln\u00edho Chl\u00edstova se znenad\u00e1n\u00ed ud\u011blaly (za Dejvem) takov\u00fd vlny, \u017ee vymr\u0161tily Kubu i s lod\u00ed, nekec\u00e1m, nejm\u00ed\u0148 t\u0159i metry do vzduchu a p\u0159evr\u00e1tily ho. Jenom z\u00e1zrakem v tom zdvihl (prvn\u00edho bojov\u00fdho) a my mu nemuseli j\u00edt na poh\u0159eb. Jez v Okrouhlici vypadal tak p\u0159\u00ed\u0161ern\u011b nebezpe\u010dn\u011b, \u017ee jsme si ho rad\u0161i bez rozpak\u016f p\u0159enesli. Rozhodn\u011b se za to nehodl\u00e1m styd\u011bt. Kdybych v tom centimetru vody vykrysil, p\u011bkn\u011b bych si asi dorval hubu. D\u00e1l u\u017e jsme rad\u0161i nejeli, pon\u011bvad\u017e jsme usoudili, \u017ee jsme se u\u017e vyb\u00e1li dost. Po tolika hr\u016fzostra\u0161n\u00fdch z\u00e1\u017eitc\u00edch, nervech a hrdinstv\u00edch jsme se museli j\u00edt trochu uklidnit do hospody&#8230;<\/p>\n<p>A na co \u017ee jsme to b\u011bhem j\u00edzdy p\u0159i\u0161li?<\/p>\n<p><img loading=\"lazy\" decoding=\"async\" class=\"size-medium wp-image-754 alignright\" style=\"font-size: 12px; line-height: 18px;\" alt=\"robot1\" src=\"http:\/\/www.worwani.eu\/wp-content\/uploads\/2013\/11\/robot1.jpg\" width=\"300\" height=\"221\" srcset=\"https:\/\/www.worwani.eu\/wp-content\/uploads\/2013\/11\/robot1.jpg 300w, https:\/\/www.worwani.eu\/wp-content\/uploads\/2013\/11\/robot1-203x150.jpg 203w, https:\/\/www.worwani.eu\/wp-content\/uploads\/2013\/11\/robot1-150x110.jpg 150w\" sizes=\"auto, (max-width: 300px) 100vw, 300px\" \/><b>Geplo Robot:<\/b><\/p>\n<p>D\u00e1\u0148a:<br \/>\nTvarov\u011b p\u0159ipom\u00edn\u00e1 Topolino (hlavn\u011b p\u0159\u00edd\u00ed).\u00a0Ze v\u0161ech t\u0159\u00ed lod\u00ed nejlevn\u011bj\u0161\u00ed, nejjednodu\u0161\u0161\u00ed, takov\u00fd nevybaven\u00fd polotovar. Sezen\u00ed naprosto z\u00e1kladn\u00ed, nutn\u00e9 dod\u011blat, ale z\u00e1dov\u00e1 op\u011brka sice zoufale vypadaj\u00edc\u00ed, ov\u0161em ze v\u0161ech t\u0159\u00ed lod\u00ed nejfunk\u010dn\u011bj\u0161\u00ed. \u00dachyty jen na p\u0159\u00eddi a z\u00e1di, na ostatn\u00ed jen p\u0159\u00edprava \u2013 prolisy v palub\u011b. Lo\u010f je velni stabiln\u00ed. Nutn\u00e9 ne\u0161idit n\u00e1klony, proto\u017ee z m\u00edrn\u011bj\u0161\u00edch se sama vrac\u00ed. P\u0159i v\u011bt\u0161\u00edm n\u00e1klonu se p\u011bkn\u011b za\u0159\u00edzne, ale zd\u00e1la se mi trochu nejist\u00e1. To ale bylo sp\u00ed\u0161 t\u00edm, \u017ee nebyla vylepen\u00e1, tak\u017ee jsem m\u011bl v boc\u00edch v\u016fli. I kdy\u017e na to nevypad\u00e1, je pom\u011brn\u011b rychl\u00e1. To\u010d\u00ed se p\u011bkn\u011b. Ze v\u0161ech t\u0159\u00ed lod\u00ed m\u00e1 nejni\u017e\u0161\u00ed posez (aspo\u0148 pocitov\u011b). P\u016fsob\u00ed robustn\u011b a bezpe\u010dn\u011b.<\/p>\n<p><b>Bezi:<\/b><br \/>\nLevn\u00e1 lo\u010f, kter\u00e1 je j\u00edzdn\u00edmi vlastnostmi na velmi vysok\u00e9 \u00farovni. Cenu d\u011bl\u00e1 p\u0159edev\u0161\u00edm vnit\u0159n\u00ed vybaven\u00ed lodi, tzn absence polstrov\u00e1n\u00ed seda\u010dky v\u00fdlep\u016f bok\u016f atd.\u00a0<img loading=\"lazy\" decoding=\"async\" class=\"size-full wp-image-752 alignleft\" style=\"font-size: 12px; line-height: 18px;\" alt=\"pure1\" src=\"http:\/\/www.worwani.eu\/wp-content\/uploads\/2013\/11\/pure1.jpg\" width=\"300\" height=\"225\" srcset=\"https:\/\/www.worwani.eu\/wp-content\/uploads\/2013\/11\/pure1.jpg 300w, https:\/\/www.worwani.eu\/wp-content\/uploads\/2013\/11\/pure1-200x150.jpg 200w, https:\/\/www.worwani.eu\/wp-content\/uploads\/2013\/11\/pure1-150x112.jpg 150w, https:\/\/www.worwani.eu\/wp-content\/uploads\/2013\/11\/pure1-160x120.jpg 160w\" sizes=\"auto, (max-width: 300px) 100vw, 300px\" \/>Co je naprosto dokonal\u00e9 je z\u00e1dov\u00e1 op\u011brka, kter\u00e1 sice nen\u00ed skvostem designu, ale ze v\u0161ech t\u0159\u00ed popisovan\u00fdch lod\u00ed je nejfunk\u010dn\u011bj\u0161\u00ed. Svezen\u00ed na Robotovi je p\u0159\u00edjemn\u00e9, lo\u010f odpou\u0161t\u00ed i n\u011bjak\u00e9 ty chyby ve stylu j\u00edzdy a p\u0159itom je p\u0159\u00edjemn\u011b to\u010div\u00e1 a p\u0159\u00edjemn\u011b reaguje na \u0159\u00edzen\u00ed koleny. Co m\u016f\u017ee p\u0159ekvapit je nutnost poctiv\u011b d\u00e1vat n\u00e1klony jinak m\u00e1 lo\u010f tendenci n\u00e1klon korigovat. Z\u00e1v\u011br: od lodi za 15 000 bych rozhodn\u011b tyhle j\u00edzdn\u00ed vlastnosti ne\u010dekal, pokud je \u010dlov\u011bk tro\u0161ku zru\u010dn\u00fd vylepen\u00ed si bez probl\u00e9m\u016f dod\u011bl\u00e1.<\/p>\n<p>&nbsp;<\/p>\n<p><b>Dejf:<\/b><br \/>\nKajak Robot je jednodu\u0161e vybaven\u00e1 lo\u010f. P\u0159ed n\u011bjakou divo\u010dej\u0161\u00ed vodou je pot\u0159eba vylepit tu a tam n\u011bjakou op\u011brku, ale vzhledem k\u00a0n\u00edzk\u00e9 po\u0159izovac\u00ed cen\u011b je to pochopiteln\u00e9. S\u00a0moj\u00ed vahou se lo\u010f chov\u00e1 velice p\u0159\u00edjemn\u011b. P\u0159i n\u00e1klonech je pot\u0159eba je neo\u0161idit, nebo\u0165 je to lo\u010f stabiln\u00ed a m\u00e1 snahu se rychle vr\u00e1tit do p\u016fvodn\u00ed polohy. Trochu d\u00e9le trv\u00e1 ne\u017e se rozjede ( m\u00e1m na mysli zrychlen\u00ed ). Velik\u00e9 p\u0159ekvapen\u00ed m\u011b \u010dekalo v\u00a0z\u00e1dov\u00e9 op\u011brce, a\u010d je jednoduch\u00e1 a na prvn\u00ed pohled vypad\u00e1 nepohodln\u011b, opak je pravdou. Sed\u00ed neust\u00e1le ve sv\u00e9 poloze a nesj\u00ed\u017ed\u00ed.<\/p>\n<p><b>\u017delezn\u00fd \u2013 Raptor:<\/b><\/p>\n<p>D\u00e1\u0148a:<br \/>\nRychl\u00e1, to\u010div\u00e1, na n\u00e1klony velmi dob\u0159e reaguj\u00edc\u00ed lo\u010f. Posez se mi zd\u00e1l ze v\u0161ech t\u0159\u00ed lod\u00ed nejv\u00fd\u0161. Komfortn\u00ed sezen\u00ed. Hezk\u00e1, p\u011bkn\u011b polstrovan\u00e1, ale nestabiln\u00ed z\u00e1dov\u00e1 op\u011brka (ta mi p\u0159i\u0161la asi jako nejv\u011bt\u0161\u00ed nedostatek). Ne\u0161ikovn\u011b zapu\u0161t\u011bn\u00fd a velmi mal\u00fd vypou\u0161t\u011bc\u00ed \u0161punt. Nedovedu si p\u0159edstavit, jak p\u016fjde vy\u0161roubovat zmrzl\u00fdma rukama. Lo\u010f jede jist\u011b, p\u0159i n\u00e1klonu jde do vody na m\u016fj vkus trochu moc ochotn\u011b.<\/p>\n<p><b>Bezi:<\/b><br \/>\nOrigin\u00e1ln\u00ed \u0159e\u0161en\u00ed sezen\u00ed bez pou\u017eit\u00ed zbyte\u010dn\u00fdch \u0161roub\u016f je ur\u010dit\u011b super. Co m\u011b osobn\u011b vadilo na v\u00fdbav\u011b je pom\u011brn\u011b mal\u00fd prostor uvnit\u0159 lodi a bo\u010dn\u00ed op\u011brky, kter\u00e9 jsou sice vzhledov\u011b moc p\u011bkn\u00e9 ale jsou na seda\u010dce moc v\u00a0p\u0159edu a tla\u010d\u00ed do stehen. Z\u00e1dov\u00e1 op\u011brka je ze v\u0161ech t\u0159\u00ed nejm\u00e9n\u011b funk\u010dn\u00ed a lehce sklouz\u00e1v\u00e1 dol\u016f. J\u00edzdn\u00ed vlastnosti jsou v\u00fdborn\u00e9. Raptor je asi nejcitliv\u011bj\u0161\u00ed ze v\u0161ech t\u0159\u00ed lod\u00ed. Lo\u010f je rychl\u00e1 ale pro za\u010d\u00e1te\u010dn\u00edka m\u016f\u017ee vypadat vrat\u0161\u00ed. Co mi opravdu vadilo, je mal\u00fd zapu\u0161t\u011bn\u00fd vypou\u0161\u0165\u00e1k, ostr\u00e9 \u00fachyty a zmi\u0148ovan\u00e9 bo\u010dn\u00ed op\u011brky. Na druhou stranu se na n\u00ed opravdu dob\u0159e jelo.Z\u00e1v\u011br: Slu\u0161n\u00e1 lo\u010f se v\u0161\u00edm co m\u00e1 m\u00edt. Vzhledem k\u00a0obrovsk\u00e9mu promu, kter\u00e9 ji prov\u00e1zelo jsem ale \u010dekal v\u00edc.<\/p>\n<p><img loading=\"lazy\" decoding=\"async\" class=\"size-medium wp-image-753 alignright\" style=\"font-size: 12px; line-height: 18px;\" alt=\"raptor1\" src=\"http:\/\/www.worwani.eu\/wp-content\/uploads\/2013\/11\/raptor1.jpg\" width=\"300\" height=\"225\" srcset=\"https:\/\/www.worwani.eu\/wp-content\/uploads\/2013\/11\/raptor1.jpg 300w, https:\/\/www.worwani.eu\/wp-content\/uploads\/2013\/11\/raptor1-200x150.jpg 200w, https:\/\/www.worwani.eu\/wp-content\/uploads\/2013\/11\/raptor1-150x112.jpg 150w, https:\/\/www.worwani.eu\/wp-content\/uploads\/2013\/11\/raptor1-160x120.jpg 160w\" sizes=\"auto, (max-width: 300px) 100vw, 300px\" \/><b>Dejf:<\/b><br \/>\nKajak Raptor by mohl b\u00fdt kompromisem ve vybaven\u00ed mezi Robotem a Purem.Propracovan\u00e9 m\u011bkk\u00e9 op\u011brky p\u016fsob\u00ed p\u0159\u00edjemn\u011b. Z\u00e1dov\u00e1 op\u011brka se mus\u00ed op\u011bt trochu nadzvednout, aby nebyla pro m\u011b nep\u0159\u00edjemn\u011b n\u00edzko. Kdo m\u00e1 velk\u00e1 chodidla, m\u016f\u017ee m\u00edt st\u00edsn\u011bn\u00fd pocit, kter\u00fd vytv\u00e1\u0159\u00ed vzp\u011bra mezi nohama. J\u00edzdn\u00ed vlastnosti byly hodn\u011b podobn\u00e9 jako u kajaku Pure. Drobn\u00e9 sklam\u00e1n\u00ed nastalo p\u0159i vypou\u0161t\u011bn\u00ed vody \u2013 \u0161roub je hodn\u011b utopen\u00fd a nen\u00ed moc m\u00edsta na povolen\u00ed. Tak\u00e9 jsem m\u011bl pocit, \u017ee po vylit\u00ed v\u00a0lodi z\u016fst\u00e1v\u00e1 je\u0161t\u011b dost vody.<\/p>\n<p><b>Prijon Pure:<\/b><\/p>\n<p>D\u00e1\u0148a:<br \/>\nV tomto kajaku jsem sed\u011bl pom\u011brn\u011b kr\u00e1tce. J\u00edzdn\u00edmi vlastnostmi mi p\u0159ipad\u00e1 hodn\u011b podobn\u00fd Raptorovi \u2013 rychl\u00fd, to\u010div\u00fd, v\u00fdborn\u011b reaguj\u00edc\u00ed na n\u00e1klony. Nem\u011bl jsem p\u0159itom ale dojem a\u017e takov\u00e9ho za\u0159\u00edznut\u00ed p\u0159i n\u00e1klonu jako u Raptora. Sezen\u00ed naprosto luxusn\u00ed \u2013 v lodi bylo kr\u00e1sn\u011b m\u011bkkou\u010dko a teplou\u010dko. Moc p\u0159\u00edjemn\u00e9 kolenn\u00ed op\u011brky, kter\u00e9 se nav\u00edc daj\u00ed nastavit do v\u0161ech sm\u011br\u016f, na kter\u00e9 si \u010dlov\u011bk vzpomene. Zven\u010d\u00ed p\u016fsob\u00ed hodn\u011b byteln\u011b a bezpe\u010dn\u011b. Kdy\u017e jsem sed\u011bl vevnit\u0159, trochu mi tenhle pocit zkazila rychle se zu\u017euj\u00edc\u00ed p\u0159edn\u00ed paluba.<\/p>\n<p><b>Bezi:<\/b><br \/>\nTahle lo\u010f m\u011b oslovila asi ze v\u0161ech nejv\u00edc, p\u0159\u00edjemn\u00e9 pohodln\u00e9 sezen\u00ed, rychl\u00e1, ovladateln\u00e1, to\u010div\u00e1.\u00a0Geni\u00e1ln\u00ed jsou kolenn\u00ed op\u011brky nastaviteln\u00e9 ve v\u00edce os\u00e1ch. Z\u00e1dov\u00e1 op\u011brka je funk\u010dn\u00ed a pevn\u00e1, ale ne\u0161kodila by tro\u0161ku vy\u0161\u0161\u00ed. Cenov\u00e1 relace lodi je srovnateln\u00e1 s\u00a0konkurenc\u00ed. Tvary lodi jsou konzervativn\u00ed a to se mi na n\u00ed l\u00edb\u00ed, prost\u011b je to kajak jak m\u00e1 b\u00fdt. Z\u00e1v\u011br: Moc p\u0159\u00edjemn\u00e1 lodi\u010dka, kter\u00e1 se v\u00fdborn\u011b \u0159\u00edd\u00ed a je pohodln\u00e1, co bych \u010dekal v\u00a0lodi t\u00e9hle cenov\u00e9 relace jsou vzp\u011bry.<\/p>\n<p><b>Dejf:<\/b><br \/>\nPure m\u00e1 velmi propracovan\u00fd interier s\u00a0velkou \u0161k\u00e1lou nastaven\u00ed op\u011brek. Pokud se chce n\u011bkdo sv\u00e9st, m\u011bl by si ji d\u016fkladn\u011b se\u0159\u00eddit. P\u0159i samotn\u00e9m sezen\u00ed je pot\u0159eba si zvednout z\u00e1dovou op\u011brku, proto\u017ee jinak je docela n\u00edzko. I kdy\u017e podr\u017e\u00ed, tak to \u017ee je n\u00edzko mi moc nevyhovuje Kdy\u017e jsem zastavil u b\u0159ehu a p\u0159esedl jsem do tohoto plavidla, tak jsem m\u011bl velik\u00fd probl\u00e9m uvelebit se ke sv\u00e9 spokojenosti, nebo\u0165 nebyl \u010das na p\u0159estavov\u00e1n\u00ed. Tak\u00e9 se mi stalo, \u017ee mi dvakr\u00e1t sjela \u0161prajda na boku. J\u00edzdn\u00ed vlastnosti byly p\u0159\u00edjemn\u00e9, d\u00edky hran\u011b se lo\u010f kr\u00e1sn\u011b za\u0159\u00edzne a oto\u010d\u00ed na p\u011btn\u00edku a dok\u00e1\u017ee p\u011bkn\u011b zrychlit.<\/p>\n<p><b>Na z\u00e1v\u011br bych cht\u011bl zd\u016fraznit, \u017ee v\u0161ichni t\u0159i v\u00fd\u0161e uveden\u00ed jsou typi\u010dt\u00ed extr\u00e9mn\u00ed jezdi\u010di s obrovsk\u00fdmi zku\u0161enostmi a letitou prax\u00ed a proto jejich slova mus\u00ed b\u00fdt br\u00e1na naprosto v\u00e1\u017en\u011b a jejich poznatky jsou jedin\u00e9 spr\u00e1vn\u00e9 a d\u016fv\u011bryhodn\u00e9.<\/b><\/p>\n<p>A\u017e to bude\u0161, Pr\u010fochu, \u010d\u00edst, neukousni si jazyk \ud83d\ude42<\/p>\n","protected":false},"excerpt":{"rendered":"<p><a href=\"http:\/\/www.worwani.eu\/wp-content\/uploads\/2013\/11\/srovnani01.jpg\"><img loading=\"lazy\" decoding=\"async\" class=\"size-medium wp-image-755 alignleft\" alt=\"srovnani01\" src=\"http:\/\/www.worwani.eu\/wp-content\/uploads\/2013\/11\/srovnani01.jpg\" width=\"300\" height=\"225\" srcset=\"https:\/\/www.worwani.eu\/wp-content\/uploads\/2013\/11\/srovnani01.jpg 300w, https:\/\/www.worwani.eu\/wp-content\/uploads\/2013\/11\/srovnani01-200x150.jpg 200w, https:\/\/www.worwani.eu\/wp-content\/uploads\/2013\/11\/srovnani01-150x112.jpg 150w, https:\/\/www.worwani.eu\/wp-content\/uploads\/2013\/11\/srovnani01-160x120.jpg 160w\" sizes=\"auto, (max-width: 300px) 100vw, 300px\" \/><\/a>Tak je to tady. Dejf si po\u0159\u00eddil novej kor\u00e1b! Dokonce n\u00e1s kv\u016fli tomu donutil v p\u016flce listopadu sednout do lod\u00ed a sjet si divokou a rozb\u011bsn\u011bnou S\u00e1zavu z Perknova do Okrouhlice. Ale budi\u017e, pojali jsme to jako testovac\u00ed j\u00edzdu \u2013 v n\u00e1ro\u010dn\u00e9m ter\u00e9nu m\u00edsty a\u017e do ZWB jsme vyzkou\u0161eli Raptora od \u017delezn\u00e9ho, Pure od Prijonu a Robota od Gepla, tak\u017ee na\u0161e post\u0159ehy jsou v ka\u017ed\u00e9m p\u0159\u00edpad\u011b v\u011brohodn\u00e9 a sm\u011brodatn\u00e9 \ud83d\ude42<\/p>\n<p>St\u00e1tn\u00ed sv\u00e1tek 17. listopadu jsme oslavili  \u2026 <a href=\"https:\/\/www.worwani.eu\/?page_id=750\">pro pokra\u010dov\u00e1n\u00ed ve \u010dten\u00ed klikn\u011bte tady&#8230; <span class=\"meta-nav\">&rarr; <\/span><\/a><\/p>\n","protected":false},"author":2,"featured_media":0,"parent":394,"menu_order":0,"comment_status":"open","ping_status":"open","template":"","meta":{"_bbp_topic_count":0,"_bbp_reply_count":0,"_bbp_total_topic_count":0,"_bbp_total_reply_count":0,"_bbp_voice_count":0,"_bbp_anonymous_reply_count":0,"_bbp_topic_count_hidden":0,"_bbp_reply_count_hidden":0,"_bbp_forum_subforum_count":0,"footnotes":""},"class_list":["post-750","page","type-page","status-publish","hentry"],"_links":{"self":[{"href":"https:\/\/www.worwani.eu\/index.php?rest_route=\/wp\/v2\/pages\/750","targetHints":{"allow":["GET"]}}],"collection":[{"href":"https:\/\/www.worwani.eu\/index.php?rest_route=\/wp\/v2\/pages"}],"about":[{"href":"https:\/\/www.worwani.eu\/index.php?rest_route=\/wp\/v2\/types\/page"}],"author":[{"embeddable":true,"href":"https:\/\/www.worwani.eu\/index.php?rest_route=\/wp\/v2\/users\/2"}],"replies":[{"embeddable":true,"href":"https:\/\/www.worwani.eu\/index.php?rest_route=%2Fwp%2Fv2%2Fcomments&post=750"}],"version-history":[{"count":3,"href":"https:\/\/www.worwani.eu\/index.php?rest_route=\/wp\/v2\/pages\/750\/revisions"}],"predecessor-version":[{"id":756,"href":"https:\/\/www.worwani.eu\/index.php?rest_route=\/wp\/v2\/pages\/750\/revisions\/756"}],"up":[{"embeddable":true,"href":"https:\/\/www.worwani.eu\/index.php?rest_route=\/wp\/v2\/pages\/394"}],"wp:attachment":[{"href":"https:\/\/www.worwani.eu\/index.php?rest_route=%2Fwp%2Fv2%2Fmedia&parent=750"}],"curies":[{"name":"wp","href":"https:\/\/api.w.org\/{rel}","templated":true}]}}