{"id":72,"date":"2013-11-13T09:53:51","date_gmt":"2013-11-13T08:53:51","guid":{"rendered":"http:\/\/www.worwani.eu\/?page_id=72"},"modified":"2013-11-17T08:54:02","modified_gmt":"2013-11-17T07:54:02","slug":"2012-2","status":"publish","type":"page","link":"https:\/\/www.worwani.eu\/?page_id=72","title":{"rendered":"2012"},"content":{"rendered":"<p><strong><a title=\"Upravit \u201eSalzach a Enns 2012\u201c\" href=\"http:\/\/www.worwani.eu\/?page_id=94\">Salzach a Enns 2012<\/a><\/strong><\/p>\n<p><strong><a title=\"Upravit \u201eWorWan\u00ed (a spol.) na Hronu\u201c\" href=\"http:\/\/www.worwani.eu\/?page_id=116\">WorWan\u00ed (a spol.) na Hronu<\/a><\/strong><\/p>\n<p><a href=\"http:\/\/www.worwani.eu\/?page_id=332\"><strong>Doubrava z Pa\u0159\u00ed\u017eova do Ronova<\/strong><\/a><\/p>\n<p><strong><a href=\"http:\/\/www.worwani.eu\/?page_id=211\">Krounka a Horn\u00ed Doubrava<\/a><\/strong><\/p>\n<p><a href=\"http:\/\/www.worwani.eu\/?page_id=835\"><strong>Z\u00e1pisky z letn\u00edho Chorvatska<\/strong><\/a><\/p>\n<p><strong><a href=\"http:\/\/www.worwani.eu\/?page_id=847\">VolejoWej mejdan<\/a><\/strong><\/p>\n<p><a href=\"http:\/\/www.worwani.eu\/?page_id=862\"><strong>Chorvatsko 2012 aneb &#8220;Thanks Smokey&#8221;<\/strong><\/a><\/p>\n<p><a href=\"http:\/\/www.worwani.eu\/?page_id=884\"><strong>Galave\u010der 2012<\/strong><\/a><\/p>\n<p><a href=\"http:\/\/www.worwani.eu\/?page_id=893\"><strong>WorWan\u00ed W\u00fdro\u010dn\u00ed zpr\u00e1Wa<\/strong><\/a><\/p>\n","protected":false},"excerpt":{"rendered":"<p><strong><a title=\"Upravit \u201eSalzach a Enns 2012\u201c\" href=\"http:\/\/www.worwani.eu\/?page_id=94\">Salzach a Enns 2012<\/a><\/strong><\/p>\n<p><strong><a title=\"Upravit \u201eWorWan\u00ed (a spol.) na Hronu\u201c\" href=\"http:\/\/www.worwani.eu\/?page_id=116\">WorWan\u00ed (a spol.) na Hronu<\/a><\/strong><\/p>\n<p><a href=\"http:\/\/www.worwani.eu\/?page_id=332\"><strong>Doubrava z Pa\u0159\u00ed\u017eova do Ronova<\/strong><\/a><\/p>\n<p><strong><a href=\"http:\/\/www.worwani.eu\/?page_id=211\">Krounka a Horn\u00ed Doubrava<\/a><\/strong><\/p>\n<p><a href=\"http:\/\/www.worwani.eu\/?page_id=835\"><strong>Z\u00e1pisky z letn\u00edho Chorvatska<\/strong><\/a><\/p>\n<p><strong><a href=\"http:\/\/www.worwani.eu\/?page_id=847\">VolejoWej mejdan<\/a><\/strong><\/p>\n<p><a href=\"http:\/\/www.worwani.eu\/?page_id=862\"><strong>Chorvatsko 2012 aneb &#8220;Thanks Smokey&#8221;<\/strong><\/a><\/p>\n<p><a href=\"http:\/\/www.worwani.eu\/?page_id=884\"><strong>Galave\u010der 2012<\/strong><\/a><\/p>\n<p><a href=\"http:\/\/www.worwani.eu\/?page_id=893\"><strong>WorWan\u00ed W\u00fdro\u010dn\u00ed zpr\u00e1Wa<\/strong><\/a><\/p>\n","protected":false},"author":1,"featured_media":0,"parent":71,"menu_order":0,"comment_status":"open","ping_status":"open","template":"","meta":{"_bbp_topic_count":0,"_bbp_reply_count":0,"_bbp_total_topic_count":0,"_bbp_total_reply_count":0,"_bbp_voice_count":0,"_bbp_anonymous_reply_count":0,"_bbp_topic_count_hidden":0,"_bbp_reply_count_hidden":0,"_bbp_forum_subforum_count":0,"footnotes":""},"class_list":["post-72","page","type-page","status-publish","hentry"],"_links":{"self":[{"href":"https:\/\/www.worwani.eu\/index.php?rest_route=\/wp\/v2\/pages\/72","targetHints":{"allow":["GET"]}}],"collection":[{"href":"https:\/\/www.worwani.eu\/index.php?rest_route=\/wp\/v2\/pages"}],"about":[{"href":"https:\/\/www.worwani.eu\/index.php?rest_route=\/wp\/v2\/types\/page"}],"author":[{"embeddable":true,"href":"https:\/\/www.worwani.eu\/index.php?rest_route=\/wp\/v2\/users\/1"}],"replies":[{"embeddable":true,"href":"https:\/\/www.worwani.eu\/index.php?rest_route=%2Fwp%2Fv2%2Fcomments&post=72"}],"version-history":[{"count":21,"href":"https:\/\/www.worwani.eu\/index.php?rest_route=\/wp\/v2\/pages\/72\/revisions"}],"predecessor-version":[{"id":133,"href":"https:\/\/www.worwani.eu\/index.php?rest_route=\/wp\/v2\/pages\/72\/revisions\/133"}],"up":[{"embeddable":true,"href":"https:\/\/www.worwani.eu\/index.php?rest_route=\/wp\/v2\/pages\/71"}],"wp:attachment":[{"href":"https:\/\/www.worwani.eu\/index.php?rest_route=%2Fwp%2Fv2%2Fmedia&parent=72"}],"curies":[{"name":"wp","href":"https:\/\/api.w.org\/{rel}","templated":true}]}}