{"id":555,"date":"2013-11-15T12:15:33","date_gmt":"2013-11-15T11:15:33","guid":{"rendered":"http:\/\/www.worwani.eu\/?page_id=555"},"modified":"2013-11-19T12:47:13","modified_gmt":"2013-11-19T11:47:13","slug":"karlos","status":"publish","type":"page","link":"https:\/\/www.worwani.eu\/?page_id=555","title":{"rendered":"Karlos"},"content":{"rendered":"<p><a href=\"http:\/\/www.worwani.eu\/wp-content\/uploads\/2013\/11\/kaja1.jpg\"><img loading=\"lazy\" decoding=\"async\" class=\"size-medium wp-image-987 alignright\" alt=\"kaja1\" src=\"http:\/\/www.worwani.eu\/wp-content\/uploads\/2013\/11\/kaja1-300x201.jpg\" width=\"300\" height=\"201\" srcset=\"https:\/\/www.worwani.eu\/wp-content\/uploads\/2013\/11\/kaja1-300x201.jpg 300w, https:\/\/www.worwani.eu\/wp-content\/uploads\/2013\/11\/kaja1-223x150.jpg 223w, https:\/\/www.worwani.eu\/wp-content\/uploads\/2013\/11\/kaja1-150x100.jpg 150w, https:\/\/www.worwani.eu\/wp-content\/uploads\/2013\/11\/kaja1-120x80.jpg 120w, https:\/\/www.worwani.eu\/wp-content\/uploads\/2013\/11\/kaja1.jpg 800w\" sizes=\"auto, (max-width: 300px) 100vw, 300px\" \/><\/a>\u00a0 Karlos<br \/>\n<strong>Jm\u00e9no:<\/strong>\u00a0Karel<br \/>\n<strong>P\u0159\u00edjmen\u00ed:<\/strong>\u00a0Bla\u017eek<br \/>\n<strong>Stav:<\/strong> \u017eenat\u00fd<br \/>\n<strong>Rok narozen\u00ed:<\/strong>\u00a01980<br \/>\n<strong>Bydli\u0161t\u011b:<\/strong> Hradec Kr\u00e1lov\u00e9<\/p>\n<p><strong>Z\u00e1jmy:<\/strong>\u00a0Kajak, volejbal<br \/>\n<strong>Obl\u00edben\u00e9 pit\u00ed:<\/strong>\u00a0pivo, pivo a pivo<br \/>\n<strong>Obl\u00edben\u00e9 j\u00eddlo:<\/strong>\u00a0\u00a0pivo<\/p>\n<p><strong>Motto \/ Obl\u00edben\u00e1 fr\u00e1ze:<\/strong>\u00a0Poj\u010fte to fofrem sjet, a\u0165 m\u016f\u017eeme j\u00edt do hospody.<br \/>\n<strong>Pro\u010d jsem u\u017eite\u010dn\u00fd:<\/strong>\u00a0Jsem vesel\u00fd chlapec a ka\u017ed\u00fd m\u011b m\u00e1 r\u00e1d. Nav\u00edc m\u00e1m u sebe v\u017edy krabi\u010dku cigaret pro sv\u00e9 kamar\u00e1dy.<\/p>\n<p><strong>Lo\u010f:<\/strong>\u00a0Wave Sport Diesel 65<br \/>\n<strong>Obl\u00edben\u00e1 \u0159eka:<\/strong>\u00a0So\u010da a Korytnica<\/p>\n","protected":false},"excerpt":{"rendered":"<p><a href=\"http:\/\/www.worwani.eu\/wp-content\/uploads\/2013\/11\/kaja1.jpg\"><img loading=\"lazy\" decoding=\"async\" class=\"size-medium wp-image-987 alignright\" alt=\"kaja1\" src=\"http:\/\/www.worwani.eu\/wp-content\/uploads\/2013\/11\/kaja1-300x201.jpg\" width=\"300\" height=\"201\" srcset=\"https:\/\/www.worwani.eu\/wp-content\/uploads\/2013\/11\/kaja1-300x201.jpg 300w, https:\/\/www.worwani.eu\/wp-content\/uploads\/2013\/11\/kaja1-223x150.jpg 223w, https:\/\/www.worwani.eu\/wp-content\/uploads\/2013\/11\/kaja1-150x100.jpg 150w, https:\/\/www.worwani.eu\/wp-content\/uploads\/2013\/11\/kaja1-120x80.jpg 120w, https:\/\/www.worwani.eu\/wp-content\/uploads\/2013\/11\/kaja1.jpg 800w\" sizes=\"auto, (max-width: 300px) 100vw, 300px\" \/><\/a>\u00a0 Karlos<br \/> <strong>Jm\u00e9no:<\/strong>\u00a0Karel<br \/> <strong>P\u0159\u00edjmen\u00ed:<\/strong>\u00a0Bla\u017eek<br \/> <strong>Stav:<\/strong> \u017eenat\u00fd<br \/> <strong>Rok narozen\u00ed:<\/strong>\u00a01980<br \/> <strong>Bydli\u0161t\u011b:<\/strong> Hradec Kr\u00e1lov\u00e9<\/p>\n<p><strong>Z\u00e1jmy:<\/strong>\u00a0Kajak, volejbal<br \/> <strong>Obl\u00edben\u00e9 pit\u00ed:<\/strong>\u00a0pivo, pivo a pivo<br \/> <strong>Obl\u00edben\u00e9 j\u00eddlo:<\/strong>\u00a0\u00a0pivo<\/p>\n<p><strong>Motto \/ Obl\u00edben\u00e1 fr\u00e1ze:<\/strong>\u00a0Poj\u010fte to fofrem sjet, a\u0165 m\u016f\u017eeme j\u00edt do hospody.<br \/> <strong>Pro\u010d jsem u\u017eite\u010dn\u00fd:<\/strong>\u00a0Jsem vesel\u00fd chlapec a ka\u017ed\u00fd m\u011b m\u00e1 r\u00e1d. Nav\u00edc m\u00e1m u sebe v\u017edy krabi\u010dku cigaret pro sv\u00e9 kamar\u00e1dy.<\/p>\n<p><strong>Lo\u010f:<\/strong>\u00a0Wave Sport Diesel 65<br \/> <strong>Obl\u00edben\u00e1 \u0159eka:<\/strong>\u00a0So\u010da a Korytnica<\/p>\n","protected":false},"author":2,"featured_media":0,"parent":19,"menu_order":0,"comment_status":"open","ping_status":"open","template":"","meta":{"_bbp_topic_count":0,"_bbp_reply_count":0,"_bbp_total_topic_count":0,"_bbp_total_reply_count":0,"_bbp_voice_count":0,"_bbp_anonymous_reply_count":0,"_bbp_topic_count_hidden":0,"_bbp_reply_count_hidden":0,"_bbp_forum_subforum_count":0,"footnotes":""},"class_list":["post-555","page","type-page","status-publish","hentry"],"_links":{"self":[{"href":"https:\/\/www.worwani.eu\/index.php?rest_route=\/wp\/v2\/pages\/555","targetHints":{"allow":["GET"]}}],"collection":[{"href":"https:\/\/www.worwani.eu\/index.php?rest_route=\/wp\/v2\/pages"}],"about":[{"href":"https:\/\/www.worwani.eu\/index.php?rest_route=\/wp\/v2\/types\/page"}],"author":[{"embeddable":true,"href":"https:\/\/www.worwani.eu\/index.php?rest_route=\/wp\/v2\/users\/2"}],"replies":[{"embeddable":true,"href":"https:\/\/www.worwani.eu\/index.php?rest_route=%2Fwp%2Fv2%2Fcomments&post=555"}],"version-history":[{"count":6,"href":"https:\/\/www.worwani.eu\/index.php?rest_route=\/wp\/v2\/pages\/555\/revisions"}],"predecessor-version":[{"id":1178,"href":"https:\/\/www.worwani.eu\/index.php?rest_route=\/wp\/v2\/pages\/555\/revisions\/1178"}],"up":[{"embeddable":true,"href":"https:\/\/www.worwani.eu\/index.php?rest_route=\/wp\/v2\/pages\/19"}],"wp:attachment":[{"href":"https:\/\/www.worwani.eu\/index.php?rest_route=%2Fwp%2Fv2%2Fmedia&parent=555"}],"curies":[{"name":"wp","href":"https:\/\/api.w.org\/{rel}","templated":true}]}}