{"id":544,"date":"2013-11-15T12:03:12","date_gmt":"2013-11-15T11:03:12","guid":{"rendered":"http:\/\/www.worwani.eu\/?page_id=544"},"modified":"2013-11-19T12:28:04","modified_gmt":"2013-11-19T11:28:04","slug":"baba","status":"publish","type":"page","link":"https:\/\/www.worwani.eu\/?page_id=544","title":{"rendered":"B\u00e1ba"},"content":{"rendered":"<h2><a href=\"http:\/\/www.worwani.eu\/wp-content\/uploads\/2013\/11\/7238.jpg\"><img loading=\"lazy\" decoding=\"async\" class=\"size-medium wp-image-722 alignright\" alt=\"-7238\" src=\"http:\/\/www.worwani.eu\/wp-content\/uploads\/2013\/11\/7238-300x199.jpg\" width=\"300\" height=\"199\" srcset=\"https:\/\/www.worwani.eu\/wp-content\/uploads\/2013\/11\/7238-300x199.jpg 300w, https:\/\/www.worwani.eu\/wp-content\/uploads\/2013\/11\/7238-1024x680.jpg 1024w, https:\/\/www.worwani.eu\/wp-content\/uploads\/2013\/11\/7238-225x150.jpg 225w, https:\/\/www.worwani.eu\/wp-content\/uploads\/2013\/11\/7238-150x99.jpg 150w, https:\/\/www.worwani.eu\/wp-content\/uploads\/2013\/11\/7238-120x80.jpg 120w\" sizes=\"auto, (max-width: 300px) 100vw, 300px\" \/><\/a>B\u00e1ba<\/h2>\n<p><strong>P\u0159ezd\u00edvka:<\/strong>\u00a0\u00a0B\u00e1ba<br \/>\n<strong>Jm\u00e9no:<\/strong>\u00a0Pavel<br \/>\n<strong>P\u0159\u00edjmen\u00ed:<\/strong>\u00a0Babi\u010dka<br \/>\n<strong>Stav:<\/strong> \u017eenat\u00fd<br \/>\n<strong>Rok narozen\u00ed:<\/strong>\u00a01979<br \/>\n<strong>Bydli\u0161t\u011b:<\/strong>\u00a0v\u0161ude<\/p>\n<p><strong>Z\u00e1jmy:<\/strong>\u00a0ty kde se nemusim namo\u010dit, p\u00e1\u010d se hrozn\u011b bojim vody<br \/>\n<strong>Obl\u00edben\u00e9 pit\u00ed:<\/strong>\u00a0alkoholick\u00e9<br \/>\n<strong>Obl\u00edben\u00e9 j\u00eddlo:<\/strong>\u00a0 \u010d\u00edm v\u00edc kr\u00e1va, t\u00edm l\u00edp<\/p>\n<p><strong>Motto \/ Obl\u00edben\u00e1 fr\u00e1ze:<\/strong>\u00a0J\u00e1 jsem tu lo\u010f p\u0159emlouval aby jela do toho vrac\u00e1ku ale vona m\u00e1 svoj\u00ed hlavu a jede si klidn\u011b rovn\u011b.<br \/>\n<strong>Pro\u010d jsem u\u017eite\u010dn\u00fd:<\/strong>\u00a0proto\u017ee m\u00e1m jako jedin\u00fd z nich pud sebez\u00e1chovy a aspo\u0148 u toho p\u0159emlouv\u00e1n\u00ed chvilku odol\u00e1v\u00e1m<\/p>\n<p><strong>Lo\u010f:<\/strong>\u00a0Bliss-Stick Huka<br \/>\n<strong>Obl\u00edben\u00e1 \u0159eka:<\/strong> S\u00e1zava<\/p>\n<p><strong>\u00a0<\/strong><\/p>\n","protected":false},"excerpt":{"rendered":"<h2><a href=\"http:\/\/www.worwani.eu\/wp-content\/uploads\/2013\/11\/7238.jpg\"><img loading=\"lazy\" decoding=\"async\" class=\"size-medium wp-image-722 alignright\" alt=\"-7238\" src=\"http:\/\/www.worwani.eu\/wp-content\/uploads\/2013\/11\/7238-300x199.jpg\" width=\"300\" height=\"199\" srcset=\"https:\/\/www.worwani.eu\/wp-content\/uploads\/2013\/11\/7238-300x199.jpg 300w, https:\/\/www.worwani.eu\/wp-content\/uploads\/2013\/11\/7238-1024x680.jpg 1024w, https:\/\/www.worwani.eu\/wp-content\/uploads\/2013\/11\/7238-225x150.jpg 225w, https:\/\/www.worwani.eu\/wp-content\/uploads\/2013\/11\/7238-150x99.jpg 150w, https:\/\/www.worwani.eu\/wp-content\/uploads\/2013\/11\/7238-120x80.jpg 120w\" sizes=\"auto, (max-width: 300px) 100vw, 300px\" \/><\/a>B\u00e1ba<\/h2>\n<p><strong>P\u0159ezd\u00edvka:<\/strong>\u00a0\u00a0B\u00e1ba<br \/> <strong>Jm\u00e9no:<\/strong>\u00a0Pavel<br \/> <strong>P\u0159\u00edjmen\u00ed:<\/strong>\u00a0Babi\u010dka<br \/> <strong>Stav:<\/strong> \u017eenat\u00fd<br \/> <strong>Rok narozen\u00ed:<\/strong>\u00a01979<br \/> <strong>Bydli\u0161t\u011b:<\/strong>\u00a0v\u0161ude<\/p>\n<p><strong>Z\u00e1jmy:<\/strong>\u00a0ty kde se nemusim namo\u010dit, p\u00e1\u010d se hrozn\u011b bojim vody<br \/> <strong>Obl\u00edben\u00e9 pit\u00ed:<\/strong>\u00a0alkoholick\u00e9<br \/> <strong>Obl\u00edben\u00e9 j\u00eddlo:<\/strong>\u00a0 \u010d\u00edm v\u00edc kr\u00e1va, t\u00edm l\u00edp<\/p>\n<p><strong>Motto \/ Obl\u00edben\u00e1 fr\u00e1ze:<\/strong>\u00a0J\u00e1 jsem tu lo\u010f p\u0159emlouval aby jela do toho vrac\u00e1ku ale vona m\u00e1 svoj\u00ed hlavu a jede si klidn\u011b rovn\u011b.<br \/> <strong>Pro\u010d jsem u\u017eite\u010dn\u00fd:<\/strong>\u00a0proto\u017ee m\u00e1m jako jedin\u00fd z nich pud sebez\u00e1chovy a aspo\u0148 u toho p\u0159emlouv\u00e1n\u00ed  \u2026 <a href=\"https:\/\/www.worwani.eu\/?page_id=544\">pro pokra\u010dov\u00e1n\u00ed ve \u010dten\u00ed klikn\u011bte tady&#8230; <span class=\"meta-nav\">&rarr; <\/span><\/a><\/p>\n","protected":false},"author":2,"featured_media":0,"parent":19,"menu_order":0,"comment_status":"open","ping_status":"open","template":"","meta":{"_bbp_topic_count":0,"_bbp_reply_count":0,"_bbp_total_topic_count":0,"_bbp_total_reply_count":0,"_bbp_voice_count":0,"_bbp_anonymous_reply_count":0,"_bbp_topic_count_hidden":0,"_bbp_reply_count_hidden":0,"_bbp_forum_subforum_count":0,"footnotes":""},"class_list":["post-544","page","type-page","status-publish","hentry"],"_links":{"self":[{"href":"https:\/\/www.worwani.eu\/index.php?rest_route=\/wp\/v2\/pages\/544","targetHints":{"allow":["GET"]}}],"collection":[{"href":"https:\/\/www.worwani.eu\/index.php?rest_route=\/wp\/v2\/pages"}],"about":[{"href":"https:\/\/www.worwani.eu\/index.php?rest_route=\/wp\/v2\/types\/page"}],"author":[{"embeddable":true,"href":"https:\/\/www.worwani.eu\/index.php?rest_route=\/wp\/v2\/users\/2"}],"replies":[{"embeddable":true,"href":"https:\/\/www.worwani.eu\/index.php?rest_route=%2Fwp%2Fv2%2Fcomments&post=544"}],"version-history":[{"count":6,"href":"https:\/\/www.worwani.eu\/index.php?rest_route=\/wp\/v2\/pages\/544\/revisions"}],"predecessor-version":[{"id":1176,"href":"https:\/\/www.worwani.eu\/index.php?rest_route=\/wp\/v2\/pages\/544\/revisions\/1176"}],"up":[{"embeddable":true,"href":"https:\/\/www.worwani.eu\/index.php?rest_route=\/wp\/v2\/pages\/19"}],"wp:attachment":[{"href":"https:\/\/www.worwani.eu\/index.php?rest_route=%2Fwp%2Fv2%2Fmedia&parent=544"}],"curies":[{"name":"wp","href":"https:\/\/api.w.org\/{rel}","templated":true}]}}