{"id":483,"date":"2013-11-15T09:08:24","date_gmt":"2013-11-15T08:08:24","guid":{"rendered":"http:\/\/www.worwani.eu\/?page_id=483"},"modified":"2013-11-17T13:32:49","modified_gmt":"2013-11-17T12:32:49","slug":"2008-2","status":"publish","type":"page","link":"https:\/\/www.worwani.eu\/?page_id=483","title":{"rendered":"2008"},"content":{"rendered":"<p><a href=\"http:\/\/www.worwani.eu\/?page_id=485\"><strong>Hamer\u00e1k po Pafkovsku<\/strong><\/a><\/p>\n<p><a href=\"http:\/\/www.worwani.eu\/?page_id=496\"><strong>Rakousko &#8211; N\u011bmecko &#8211; srpen 2008<\/strong><\/a><\/p>\n<p><a href=\"http:\/\/www.worwani.eu\/?page_id=60\"><strong>Letn\u00ed putov\u00e1n\u00ed po S\u00e1zav\u011b<\/strong><\/a><\/p>\n<p><a href=\"http:\/\/www.worwani.eu\/?page_id=617\"><strong>Kanoe Mattoni 2008<\/strong><\/a><\/p>\n<p><a href=\" http:\/\/www.worwani.eu\/?page_id=626\"><strong>Labe 2008<\/strong><\/a><\/p>\n<p><a href=\"http:\/\/www.worwani.eu\/?page_id=636\"><strong>Divok\u00e1 Orlice &#8211; varov\u00e1n\u00ed p\u0159ed kritick\u00fdm m\u00edstem WW5<\/strong><\/a><\/p>\n<p><a href=\"http:\/\/www.worwani.eu\/?page_id=644\"><strong>Jarn\u00ed Rakousko a N\u011bmecko<\/strong><\/a><\/p>\n<p><a href=\"http:\/\/www.worwani.eu\/?page_id=656\"><strong>Kamenice 2008<\/strong><\/a><\/p>\n<p><a href=\"http:\/\/www.worwani.eu\/?page_id=664\"><strong>Odemyk\u00e1n\u00ed Doubravy 2008<\/strong><\/a><\/p>\n<p><a href=\"http:\/\/www.worwani.eu\/?page_id=672\"><strong>Velikono\u010dn\u00ed splut\u00ed Mastn\u00edka<\/strong><\/a><\/p>\n<p><a href=\"http:\/\/www.worwani.eu\/?page_id=686\"><strong>\u00danorov\u00e1 Stvo\u0159idla 2008<\/strong><\/a><\/p>\n<p><a href=\"http:\/\/www.worwani.eu\/?page_id=695\"><strong>Hory s Honz\u00edkem a Ani\u010dkou<\/strong><\/a><\/p>\n<p><a href=\"http:\/\/www.worwani.eu\/?page_id=704\"><strong>S\u00e1zava 2004 aneb doba d\u0159evn\u00ed<\/strong><\/a><\/p>\n<p><a href=\"http:\/\/www.worwani.eu\/?page_id=989\"><strong>Stvo\u0159idla a po t\u00fddnu zase Stvo\u0159idla<\/strong><\/a><\/p>\n<p><a href=\"http:\/\/www.worwani.eu\/?page_id=997\"><strong>Zimn\u00ed p\u0159\u00edprava na baz\u00e9n\u011b<\/strong><\/a><\/p>\n<p>&nbsp;<\/p>\n","protected":false},"excerpt":{"rendered":"<p><a href=\"http:\/\/www.worwani.eu\/?page_id=485\"><strong>Hamer\u00e1k po Pafkovsku<\/strong><\/a><\/p>\n<p><a href=\"http:\/\/www.worwani.eu\/?page_id=496\"><strong>Rakousko &#8211; N\u011bmecko &#8211; srpen 2008<\/strong><\/a><\/p>\n<p><a href=\"http:\/\/www.worwani.eu\/?page_id=60\"><strong>Letn\u00ed putov\u00e1n\u00ed po S\u00e1zav\u011b<\/strong><\/a><\/p>\n<p><a href=\"http:\/\/www.worwani.eu\/?page_id=617\"><strong>Kanoe Mattoni 2008<\/strong><\/a><\/p>\n<p><a href=\" http:\/\/www.worwani.eu\/?page_id=626\"><strong>Labe 2008<\/strong><\/a><\/p>\n<p><a href=\"http:\/\/www.worwani.eu\/?page_id=636\"><strong>Divok\u00e1 Orlice &#8211; varov\u00e1n\u00ed p\u0159ed kritick\u00fdm m\u00edstem WW5<\/strong><\/a><\/p>\n<p><a href=\"http:\/\/www.worwani.eu\/?page_id=644\"><strong>Jarn\u00ed Rakousko a N\u011bmecko<\/strong><\/a><\/p>\n<p><a href=\"http:\/\/www.worwani.eu\/?page_id=656\"><strong>Kamenice 2008<\/strong><\/a><\/p>\n<p><a href=\"http:\/\/www.worwani.eu\/?page_id=664\"><strong>Odemyk\u00e1n\u00ed Doubravy 2008<\/strong><\/a><\/p>\n<p><a href=\"http:\/\/www.worwani.eu\/?page_id=672\"><strong>Velikono\u010dn\u00ed splut\u00ed Mastn\u00edka<\/strong><\/a><\/p>\n<p><a href=\"http:\/\/www.worwani.eu\/?page_id=686\"><strong>\u00danorov\u00e1 Stvo\u0159idla 2008<\/strong><\/a><\/p>\n<p><a href=\"http:\/\/www.worwani.eu\/?page_id=695\"><strong>Hory s Honz\u00edkem a Ani\u010dkou<\/strong><\/a><\/p>\n<p><a href=\"http:\/\/www.worwani.eu\/?page_id=704\"><strong>S\u00e1zava 2004 aneb doba d\u0159evn\u00ed<\/strong><\/a><\/p>\n<p><a href=\"http:\/\/www.worwani.eu\/?page_id=989\"><strong>Stvo\u0159idla a po t\u00fddnu zase Stvo\u0159idla<\/strong><\/a><\/p>\n<p><a href=\"http:\/\/www.worwani.eu\/?page_id=997\"><strong>Zimn\u00ed p\u0159\u00edprava na baz\u00e9n\u011b<\/strong><\/a><\/p>\n<p>&nbsp;<\/p>\n","protected":false},"author":2,"featured_media":0,"parent":71,"menu_order":0,"comment_status":"open","ping_status":"open","template":"","meta":{"_bbp_topic_count":0,"_bbp_reply_count":0,"_bbp_total_topic_count":0,"_bbp_total_reply_count":0,"_bbp_voice_count":0,"_bbp_anonymous_reply_count":0,"_bbp_topic_count_hidden":0,"_bbp_reply_count_hidden":0,"_bbp_forum_subforum_count":0,"footnotes":""},"class_list":["post-483","page","type-page","status-publish","hentry"],"_links":{"self":[{"href":"https:\/\/www.worwani.eu\/index.php?rest_route=\/wp\/v2\/pages\/483","targetHints":{"allow":["GET"]}}],"collection":[{"href":"https:\/\/www.worwani.eu\/index.php?rest_route=\/wp\/v2\/pages"}],"about":[{"href":"https:\/\/www.worwani.eu\/index.php?rest_route=\/wp\/v2\/types\/page"}],"author":[{"embeddable":true,"href":"https:\/\/www.worwani.eu\/index.php?rest_route=\/wp\/v2\/users\/2"}],"replies":[{"embeddable":true,"href":"https:\/\/www.worwani.eu\/index.php?rest_route=%2Fwp%2Fv2%2Fcomments&post=483"}],"version-history":[{"count":17,"href":"https:\/\/www.worwani.eu\/index.php?rest_route=\/wp\/v2\/pages\/483\/revisions"}],"predecessor-version":[{"id":506,"href":"https:\/\/www.worwani.eu\/index.php?rest_route=\/wp\/v2\/pages\/483\/revisions\/506"}],"up":[{"embeddable":true,"href":"https:\/\/www.worwani.eu\/index.php?rest_route=\/wp\/v2\/pages\/71"}],"wp:attachment":[{"href":"https:\/\/www.worwani.eu\/index.php?rest_route=%2Fwp%2Fv2%2Fmedia&parent=483"}],"curies":[{"name":"wp","href":"https:\/\/api.w.org\/{rel}","templated":true}]}}