{"id":255,"date":"2013-11-14T11:17:10","date_gmt":"2013-11-14T10:17:10","guid":{"rendered":"http:\/\/www.worwani.eu\/?page_id=255"},"modified":"2013-11-14T11:19:56","modified_gmt":"2013-11-14T10:19:56","slug":"sazavsky-palava-pulmaraton","status":"publish","type":"page","link":"https:\/\/www.worwani.eu\/?page_id=255","title":{"rendered":"S\u00e1zavsk\u00fd P\u00e1lava p\u016flmaraton"},"content":{"rendered":"<div><\/div>\n<p><img loading=\"lazy\" decoding=\"async\" class=\"size-medium wp-image-257 alignleft\" style=\"font-size: 12px; line-height: 18px;\" alt=\"maraton01\" src=\"http:\/\/www.worwani.eu\/wp-content\/uploads\/2013\/11\/maraton01-300x232.jpg\" width=\"300\" height=\"232\" srcset=\"https:\/\/www.worwani.eu\/wp-content\/uploads\/2013\/11\/maraton01-300x232.jpg 300w, https:\/\/www.worwani.eu\/wp-content\/uploads\/2013\/11\/maraton01-193x150.jpg 193w, https:\/\/www.worwani.eu\/wp-content\/uploads\/2013\/11\/maraton01-150x116.jpg 150w, https:\/\/www.worwani.eu\/wp-content\/uploads\/2013\/11\/maraton01.jpg 350w\" sizes=\"auto, (max-width: 300px) 100vw, 300px\" \/>P\u0159\u00e1tel\u00e9, kamar\u00e1di! Ur\u010dit\u011b v\u0161ichni v\u00edte, \u017ee za \u010dtrn\u00e1ct dn\u00ed se jede S\u00e1zavsk\u00fd Samba maraton. Tra\u0165 dlouh\u00e1 zhruba 42 kilometr\u016f vede od hotelu Ostende v Choceradech do Pikovic. \u00davodn\u00edch dvacet kilometr\u016f se p\u00e1dluje po tot\u00e1ln\u00edm rybn\u00edku, pak n\u00e1sleduje\u00a0vrcholov\u00e1 pr\u00e9mie v podob\u011b vyb\u011bhnut\u00ed na z\u0159\u00edceninu Zbo\u0159en\u00fd Kostelec (vynikaj\u00edc\u00ed n\u00e1pad \u2013 kdo to proboha vymyslel?) \u2013 a pak op\u011bt p\u00e1dlova\u010dka po na\u0161t\u011bst\u00ed u\u017e tekouc\u00edm \u00faseku T\u00fdnec \u2013 Pikovice. Jeliko\u017e se WorWan\u00ed hodlaj\u00ed tak\u00e9 z\u00fa\u010dastnit, rozhodli jsme se t\u011bch prvn\u00edch dvacet kilometr\u016f, kter\u00fdm se ka\u017ed\u00fd norm\u00e1ln\u00ed vod\u00e1k vyh\u00fdb\u00e1 jak \u010dert k\u0159\u00ed\u017ei \u2013 a kter\u00e9 t\u00edm p\u00e1dem po\u0159\u00e1dn\u011b nezn\u00e1me, vyzkou\u0161et na vlastn\u00ed k\u016f\u017ei &#8211; na p\u00e1lav\u00e1ch.<\/p>\n<p>Dali jsme dohromady t\u0159i pos\u00e1dky \u2013 jednu kompletn\u011b sout\u011b\u017en\u00ed ( m\u011b s Kl\u00e1rkou ) a dv\u011b nam\u00edchan\u00e9 \u2013 Dejva s Radkou a Michala s Jitkou. K cest\u011b do Chocerad bych snad jen poznamenal, \u017ee n\u00e1\u0161 super nov\u00fd v\u00fdkonn\u00fd v\u016fz Hubert na d\u00e1lnici dok\u00e1zal, \u017ee i s litrov\u00fdm motorem lze p\u0159edjet kdeco. Bohu\u017eel p\u0159i rychlosti nad 140 kilometr\u016f v hodin\u011b se osmisetkilov\u00e9 vozidlo st\u00e1v\u00e1 u\u017e \u010d\u00e1ste\u010dn\u011b vzn\u00e1\u0161edlem, co\u017e v pos\u00e1dce nevzbuzuje pr\u00e1v\u011b p\u0159\u00edjemn\u00e9 pocity. I proto jsem ze souboje s Fordem Mustangem rad\u0161i vycouval&#8230;<\/p>\n<p><img loading=\"lazy\" decoding=\"async\" class=\"size-medium wp-image-258 alignright\" alt=\"maraton02\" src=\"http:\/\/www.worwani.eu\/wp-content\/uploads\/2013\/11\/maraton02-300x232.jpg\" width=\"300\" height=\"232\" srcset=\"https:\/\/www.worwani.eu\/wp-content\/uploads\/2013\/11\/maraton02-300x232.jpg 300w, https:\/\/www.worwani.eu\/wp-content\/uploads\/2013\/11\/maraton02-193x150.jpg 193w, https:\/\/www.worwani.eu\/wp-content\/uploads\/2013\/11\/maraton02-150x116.jpg 150w, https:\/\/www.worwani.eu\/wp-content\/uploads\/2013\/11\/maraton02.jpg 350w\" sizes=\"auto, (max-width: 300px) 100vw, 300px\" \/>V Choceradech jsme nafoukli lod\u011b, p\u0159evezli auta \u2013 a pak se (je\u0161t\u011b s chut\u00ed) zakousli do prvn\u00edch metr\u016f bl\u00e1tiv\u011b\u00a0nahn\u011bdl\u00e9ho stojat\u00e9ho voleje. Rozhodli jsme se s Kl\u00e1rkou, \u017ee to od za\u010d\u00e1tku nap\u00e1l\u00edme a zkus\u00edme, jak dlouho udr\u017e\u00edme tempo. Kupodivu jsme se c\u00edtili i po n\u011bkolika kilometrech\u00a0v pohod\u011b, akor\u00e1t jsme si p\u0159ipadali blb\u011b, \u017ee jsme vyhecovali dal\u0161\u00ed \u010dty\u0159i lidi na vodu a hned na za\u010d\u00e1tku jim ujeli. Po\u010dkali jsme na n\u011b, domluvili se, jak to vid\u00edme a valili d\u00e1l. Cestou jsme se pak je\u0161t\u011b jednou se\u0161li a pak u\u017e jsme jeli ka\u017edej s\u00e1m. No \u2013 mus\u00edm \u0159\u00edct, \u017ee posledn\u00ed t\u0159i, \u010dty\u0159i kilometry, jsme u\u017e vid\u011bli Kostelec na ka\u017ed\u00e9m kopci. Pod hradem jsme po\u010dkali na ostatn\u00ed a vyb\u011bhli spole\u010dn\u011b nahoru. No \u2013 vyb\u011bhli, sp\u00ed\u0161 vysup\u011bli.\u00a0Po p\u00e1r metrech toho krp\u00e1lu jsem necejtil nohy \u2013 a to jsme m\u011bli proti kluk\u016fm v\u00fdhodu, \u017ee jsme dorazili o \u010dtvrt hodiny d\u0159\u00edv a t\u00edm p\u00e1dem se trochu prot\u00e1hli.\u00a0<img loading=\"lazy\" decoding=\"async\" class=\"size-medium wp-image-259 alignleft\" style=\"font-size: 12px; line-height: 18px;\" alt=\"maraton03\" src=\"http:\/\/www.worwani.eu\/wp-content\/uploads\/2013\/11\/maraton03-300x232.jpg\" width=\"300\" height=\"232\" srcset=\"https:\/\/www.worwani.eu\/wp-content\/uploads\/2013\/11\/maraton03-300x232.jpg 300w, https:\/\/www.worwani.eu\/wp-content\/uploads\/2013\/11\/maraton03-193x150.jpg 193w, https:\/\/www.worwani.eu\/wp-content\/uploads\/2013\/11\/maraton03-150x116.jpg 150w, https:\/\/www.worwani.eu\/wp-content\/uploads\/2013\/11\/maraton03.jpg 350w\" sizes=\"auto, (max-width: 300px) 100vw, 300px\" \/>Michal se uk\u00e1zal jako vopravdickej tvr\u010f\u00e1k. Zat\u00edmco my jsme se tak n\u011bjak vydr\u00e1pali nahoru a tam se chv\u00edli jen p\u0159idr\u017eovali zdi a fun\u011bli, on ten blbej hrad je\u0161t\u011b ob\u011bhl, a kdy\u017e se vyno\u0159il na druh\u00fd stran\u011b, je\u0161t\u011b se usm\u00edval. Ka\u017edop\u00e1dn\u011b: v neopr\u00e9nk\u00e1ch p\u0159es ko\u0159eny a kamen\u00ed \u2013 fakt \u017e\u016f\u017eo \u2013 pro masochisty \u00fapln\u00e1 fantazie. Dol\u016f m\u011b to \u0161lo o dost l\u00edp, boty s tvrdou podr\u00e1\u017ekou tolik neklouzaly, zato chud\u00e1k Michal si v t\u011bch svejch p\u011btiprstovejch k\u0159\u00ed\u017eenc\u00edch bot a fusekl\u00ed m\u00e1lem ukopal v\u0161echny prsty.<\/p>\n<p><img loading=\"lazy\" decoding=\"async\" class=\"size-medium wp-image-260 alignright\" style=\"line-height: 18px;\" alt=\"maraton04\" src=\"http:\/\/www.worwani.eu\/wp-content\/uploads\/2013\/11\/maraton04-300x232.jpg\" width=\"300\" height=\"232\" srcset=\"https:\/\/www.worwani.eu\/wp-content\/uploads\/2013\/11\/maraton04-300x232.jpg 300w, https:\/\/www.worwani.eu\/wp-content\/uploads\/2013\/11\/maraton04-193x150.jpg 193w, https:\/\/www.worwani.eu\/wp-content\/uploads\/2013\/11\/maraton04-150x116.jpg 150w, https:\/\/www.worwani.eu\/wp-content\/uploads\/2013\/11\/maraton04.jpg 350w\" sizes=\"auto, (max-width: 300px) 100vw, 300px\" \/><\/p>\n<p>No \u2013 a to bylo vlastn\u011b v\u0161echno \u2013 pak jsme to sbalili a jeli dom\u016f. JO \u2013 m\u00e1lem bych zapomn\u011bl na to, co n\u00e1s zaj\u00edmalo nejv\u00edc \u2013 moje pos\u00e1dka dojela v \u010dist\u00e9m \u010dase 2 hodiny 40 minut. Tak po\u010d\u00edt\u00e1m, \u017ee by to na samb\u011b mohlo hodit m\u00ed\u0148. Ta p\u00e1lava fakt nejede. No \u2013 uvid\u00edme :-<em id=\"__mceDel\">)<\/em><\/p>\n","protected":false},"excerpt":{"rendered":"<p><img loading=\"lazy\" decoding=\"async\" class=\"size-medium wp-image-257 alignleft\" style=\"font-size: 12px; line-height: 18px;\" alt=\"maraton01\" src=\"http:\/\/www.worwani.eu\/wp-content\/uploads\/2013\/11\/maraton01-300x232.jpg\" width=\"300\" height=\"232\" srcset=\"https:\/\/www.worwani.eu\/wp-content\/uploads\/2013\/11\/maraton01-300x232.jpg 300w, https:\/\/www.worwani.eu\/wp-content\/uploads\/2013\/11\/maraton01-193x150.jpg 193w, https:\/\/www.worwani.eu\/wp-content\/uploads\/2013\/11\/maraton01-150x116.jpg 150w, https:\/\/www.worwani.eu\/wp-content\/uploads\/2013\/11\/maraton01.jpg 350w\" sizes=\"auto, (max-width: 300px) 100vw, 300px\" \/>P\u0159\u00e1tel\u00e9, kamar\u00e1di! Ur\u010dit\u011b v\u0161ichni v\u00edte, \u017ee za \u010dtrn\u00e1ct dn\u00ed se jede S\u00e1zavsk\u00fd Samba maraton. Tra\u0165 dlouh\u00e1 zhruba 42 kilometr\u016f vede od hotelu Ostende v Choceradech do Pikovic. \u00davodn\u00edch dvacet kilometr\u016f se p\u00e1dluje po tot\u00e1ln\u00edm rybn\u00edku, pak n\u00e1sleduje\u00a0vrcholov\u00e1 pr\u00e9mie v podob\u011b vyb\u011bhnut\u00ed na z\u0159\u00edceninu Zbo\u0159en\u00fd Kostelec (vynikaj\u00edc\u00ed n\u00e1pad \u2013 kdo to proboha vymyslel?) \u2013 a pak op\u011bt p\u00e1dlova\u010dka po na\u0161t\u011bst\u00ed u\u017e tekouc\u00edm \u00faseku T\u00fdnec \u2013 Pikovice. Jeliko\u017e se WorWan\u00ed hodlaj\u00ed tak\u00e9 z\u00fa\u010dastnit, rozhodli jsme  \u2026 <a href=\"https:\/\/www.worwani.eu\/?page_id=255\">pro pokra\u010dov\u00e1n\u00ed ve \u010dten\u00ed klikn\u011bte tady&#8230; <span class=\"meta-nav\">&rarr; <\/span><\/a><\/p>\n","protected":false},"author":2,"featured_media":0,"parent":220,"menu_order":0,"comment_status":"open","ping_status":"open","template":"","meta":{"_bbp_topic_count":0,"_bbp_reply_count":0,"_bbp_total_topic_count":0,"_bbp_total_reply_count":0,"_bbp_voice_count":0,"_bbp_anonymous_reply_count":0,"_bbp_topic_count_hidden":0,"_bbp_reply_count_hidden":0,"_bbp_forum_subforum_count":0,"footnotes":""},"class_list":["post-255","page","type-page","status-publish","hentry"],"_links":{"self":[{"href":"https:\/\/www.worwani.eu\/index.php?rest_route=\/wp\/v2\/pages\/255","targetHints":{"allow":["GET"]}}],"collection":[{"href":"https:\/\/www.worwani.eu\/index.php?rest_route=\/wp\/v2\/pages"}],"about":[{"href":"https:\/\/www.worwani.eu\/index.php?rest_route=\/wp\/v2\/types\/page"}],"author":[{"embeddable":true,"href":"https:\/\/www.worwani.eu\/index.php?rest_route=\/wp\/v2\/users\/2"}],"replies":[{"embeddable":true,"href":"https:\/\/www.worwani.eu\/index.php?rest_route=%2Fwp%2Fv2%2Fcomments&post=255"}],"version-history":[{"count":3,"href":"https:\/\/www.worwani.eu\/index.php?rest_route=\/wp\/v2\/pages\/255\/revisions"}],"predecessor-version":[{"id":261,"href":"https:\/\/www.worwani.eu\/index.php?rest_route=\/wp\/v2\/pages\/255\/revisions\/261"}],"up":[{"embeddable":true,"href":"https:\/\/www.worwani.eu\/index.php?rest_route=\/wp\/v2\/pages\/220"}],"wp:attachment":[{"href":"https:\/\/www.worwani.eu\/index.php?rest_route=%2Fwp%2Fv2%2Fmedia&parent=255"}],"curies":[{"name":"wp","href":"https:\/\/api.w.org\/{rel}","templated":true}]}}