{"id":155,"date":"2013-11-13T12:41:22","date_gmt":"2013-11-13T11:41:22","guid":{"rendered":"http:\/\/www.worwani.eu\/?page_id=155"},"modified":"2013-11-14T13:05:54","modified_gmt":"2013-11-14T12:05:54","slug":"jak-jsme-byli-na-otave","status":"publish","type":"page","link":"https:\/\/www.worwani.eu\/?page_id=155","title":{"rendered":"Jak jsme byli na Otav\u011b"},"content":{"rendered":"<p><img loading=\"lazy\" decoding=\"async\" class=\"size-medium wp-image-351 alignleft\" style=\"font-size: 12px; line-height: 18px;\" alt=\"otava3\" src=\"http:\/\/www.worwani.eu\/wp-content\/uploads\/2013\/11\/otava3.jpg\" width=\"300\" height=\"225\" srcset=\"https:\/\/www.worwani.eu\/wp-content\/uploads\/2013\/11\/otava3.jpg 300w, https:\/\/www.worwani.eu\/wp-content\/uploads\/2013\/11\/otava3-200x150.jpg 200w, https:\/\/www.worwani.eu\/wp-content\/uploads\/2013\/11\/otava3-150x112.jpg 150w, https:\/\/www.worwani.eu\/wp-content\/uploads\/2013\/11\/otava3-160x120.jpg 160w\" sizes=\"auto, (max-width: 300px) 100vw, 300px\" \/>Je asi na\u010dase sepsat trochu pov\u00edd\u00e1n\u00ed o na\u0161\u00ed leto\u0161n\u00ed spole\u010dn\u00e9 letn\u00ed Otav\u011b. Usoudil jsem, \u017ee dal\u0161\u00ed odkl\u00e1d\u00e1n\u00ed nepovede k ni\u010demu, proto\u017ee:<br \/>\na) D\u00edky n\u00e1sleduj\u00edc\u00edmu pom\u011brn\u011b adrenalinov\u00e9mu z\u00e1jezdu na Lu\u017enici s partou pali\u010d\u016f trnkovice se mi z\u00e1\u017eitky z obou vod n\u011bjak podivn\u00fdm zp\u016fsobem sm\u00edchaly dohromady.<br \/>\nb) Nikdo to za m\u011b nesep\u00ed\u0161e. Teda vlastn\u011b \u2013 B\u00e1ba tvrd\u00ed, \u017ee by sepsal, ale pak by to mohlo vypadat, \u017ee jedna p\u016flka party byla na \u00fapln\u011b jin\u00e9 vod\u011b, ne\u017e ta druh\u00e1. A to nen\u00ed pravda. Jasn\u011b si vzpom\u00edn\u00e1m, \u017ee jsme se n\u011bkolikr\u00e1t vid\u011bli. Nejm\u00ed\u0148 dvakr\u00e1t i za sv\u011btla.<\/p>\n<p>Se\u0161li jsme se v sobotu ve\u010der v kempu v Su\u0161ici. No \u2013 vlastn\u011b \u2013 v kempu prob\u00edhaly z\u00e1vody, tak\u017ee jsme se ubytovali za plnou palbu v r\u00e1kos\u00ed za kempem. K aut\u016fm, z\u00e1chod\u016fm a pivu to bylo stra\u0161liv\u011b daleko, ale zase tam byl klid. Kdy\u017e teda nepo\u010d\u00edt\u00e1m partu skaut\u00edk\u016f, kte\u0159\u00ed na n\u00e1s p\u0159i\u0161li s t\u00edm, \u017ee jich je sedmn\u00e1ct &#8211; a a\u0165 jim laskav\u011b v\u011bt\u0161inu pl\u00e1cku p\u0159enech\u00e1me. Kdy\u017e zjistili, \u017ee n\u00e1s bude zhruba t\u0159icet osm a kdy\u017e jsme jim vysv\u011btlili, \u017ee lod\u011b se daj\u00ed skl\u00e1dat i na hromadu, \u010d\u00edm\u017e se jejich p\u016flka lou\u010dky r\u00e1zem t\u0159ikr\u00e1t zv\u011bt\u0161\u00ed, dali pokoj. Chv\u00edli jsme si zahr\u00e1li, ale proto\u017ee pl\u00e1cek byl fakt malinkej a n\u011bkter\u00e9 d\u011bti u\u017e \u0161ly sp\u00e1t, brzy jsme toho nechali. \u010c\u00e1st se odebrala do hospody, \u010d\u00e1st usnula a \u010d\u00e1st (my) trp\u011bliv\u011b a aseRRRRtivn\u011b zah\u00e1n\u011bla nesmrteln\u00e9 d\u00edt\u011b, kter\u00e9 se \u010f\u00e1belsk\u00fdm \u00fasm\u011bvem, periodicky po sedmi minut\u00e1ch, je\u0161t\u011b asi hodinu zjevovalo u skom\u00edraj\u00edc\u00edho oh\u00fdnku.<\/p>\n<p><img loading=\"lazy\" decoding=\"async\" class=\"size-full wp-image-349 alignright\" style=\"font-size: 12px; line-height: 18px;\" alt=\"otava1\" src=\"http:\/\/www.worwani.eu\/wp-content\/uploads\/2013\/11\/otava1.jpg\" width=\"300\" height=\"225\" srcset=\"https:\/\/www.worwani.eu\/wp-content\/uploads\/2013\/11\/otava1.jpg 300w, https:\/\/www.worwani.eu\/wp-content\/uploads\/2013\/11\/otava1-200x150.jpg 200w, https:\/\/www.worwani.eu\/wp-content\/uploads\/2013\/11\/otava1-150x112.jpg 150w, https:\/\/www.worwani.eu\/wp-content\/uploads\/2013\/11\/otava1-160x120.jpg 160w\" sizes=\"auto, (max-width: 300px) 100vw, 300px\" \/>N\u00e1sleduj\u00edc\u00edho dne n\u00e1s \u010dekal asi t\u0159in\u00e1ctikilometrov\u00fd \u00fasek ze Su\u0161ice do Velk\u00fdch Hyd\u010dic. P\u0159esto\u017ee byla ned\u011ble, slunci a d\u011btem to bylo patrn\u011b jedno. I nejv\u011bt\u0161\u00ed ospilci byli donuceni vst\u00e1t je\u0161t\u011b za kurop\u011bn\u00ed, sbalit stany a jin\u00e9 pelechy, nap\u011bchovat v\u0161echno do aut a vyrazit v &#8211; pro na\u0161i partu neuv\u011b\u0159iteln\u00e9m \u010dase &#8211; po proudu dol\u016f. T\u011bch t\u0159in\u00e1ct kilometr\u016f bylo pro ka\u017ed\u00e9ho jinak obt\u00ed\u017en\u00fdch. My jeli na pohodu \u2013 zast\u00e1vka na Rab\u00ed, ob\u011bd, n\u011bjak\u00e9 pivo \u2013 a v p\u0159\u00edjemn\u00e9m odpoledn\u00edm slun\u00ed\u010dku jsme dorazili do Hyd\u010dic. Slun\u00ed\u010dkovic u\u017e m\u011bli postaven\u00fd stan a obdivovali muzeum sirek, \u010di \u010deho, kdesi v Su\u0161ici. Postupn\u011b se trousily dal\u0161\u00ed a dal\u0161\u00ed lod\u011b. Na z\u00e1v\u011br (u\u017e se m\u00edrn\u011b \u0161e\u0159ilo) dorazila podivn\u00e1 flotila. Zat\u00edmco pan B. kontinu\u00e1ln\u011b a naprosto nenucen\u011b pokra\u010doval v pit\u00ed a veselen\u00ed se, jeho suita se vypot\u00e1cela z lod\u00ed de facto ji\u017e sp\u00edc\u00ed. Nekte\u0159\u00ed v t\u00e9to \u010dinnosti pokra\u010dovali rovnou a\u017e do r\u00e1na. Chud\u00e1k M\u00e1rty z tohoto jednoduch\u00e9ho re\u017eimu VODA \u2013 SP\u00c1NEK do konce t\u00fddne u\u017e prakticky nevyb\u0159edl.<\/p>\n<p>Pond\u011bln\u00ed r\u00e1no u\u017e bylo o n\u011bco m\u00e1lo pomalej\u0161\u00ed a vl\u00e1\u010dn\u011bj\u0161\u00ed, ale p\u0159esto jsme n\u011bkdy kolem jeden\u00e1ct\u00e9 byli na vod\u011b a m\u00ed\u0159ili odhodlan\u011b do Katovic.\u00a0Nev\u00edm, co v\u0161echno za\u017eili ostatn\u00ed, m\u00e1m dojem, \u017ee my jsme se tak n\u011bjak v\u011bt\u0161inu cesty dr\u017eeli se Sl\u016f\u0148ovcema a Dejvovcema. Do Katovic jsme dorazili celkem brzo a proto\u017ee jsme tu\u0161ili, kdo tady bude prvn\u00ed, m\u011bli jsme u sebe kl\u00ed\u010dky od v\u0161ech d\u016fle\u017eit\u00fdch aut a sta\u010dili je p\u0159ev\u00e9zt d\u0159\u00edv, ne\u017e dorazili dal\u0161\u00ed plavci. Dlu\u017eno \u0159\u00edct, \u017ee tento den byl asi je\u0161t\u011b o n\u011bco n\u00e1ro\u010dn\u011bj\u0161\u00ed v\u010derej\u0161ka. \u0158ada lod\u00ed p\u0159iplula a\u017e za \u0161era, Vendy dokonce s \u00fapln\u011b ciz\u00edm \u010dlov\u011bkem, M\u00edra zmizel i s lod\u00ed (na h\u00e1\u010dka jaksi pozapomn\u011bl) a n\u011bjakou chv\u00edli se dokonce myslelo, \u017ee ji\u017e nen\u00ed mezi \u017eiv\u00fdmi. Juro ztratil pen\u011b\u017eenku kdesi v hospod\u011b. V t\u00e9m\u011b\u0159 \u00fapln\u00e9 tm\u011b pak p\u0159icachtali B\u00e1be, Miras, M\u00e1rty a Pepa. B\u00e1be op\u011bt pokra\u010doval v obveselov\u00e1n\u00ed se (jak jen to ten \u010dlov\u011bk d\u011bl\u00e1&#8230;), M\u00e1rty p\u0159edvedl \u00fa\u017easnou grotesku, kdy\u017e se asi hodinu pokou\u0161el dostat do auta. No &#8211; a taky p\u0159ijel M\u00e1rv a zamo\u0159il kemp v\u0161udyp\u0159\u00edtomn\u00fdmi zrzav\u00fdmi gaunery m\u00edhaj\u00edc\u00edmi se mezi stany obrovsk\u00fdmi rychlostmi na kolech.<\/p>\n<p><img loading=\"lazy\" decoding=\"async\" class=\"size-medium wp-image-350 alignleft\" style=\"font-size: 12px; line-height: 18px;\" alt=\"otava2\" src=\"http:\/\/www.worwani.eu\/wp-content\/uploads\/2013\/11\/otava2.jpg\" width=\"300\" height=\"225\" srcset=\"https:\/\/www.worwani.eu\/wp-content\/uploads\/2013\/11\/otava2.jpg 300w, https:\/\/www.worwani.eu\/wp-content\/uploads\/2013\/11\/otava2-200x150.jpg 200w, https:\/\/www.worwani.eu\/wp-content\/uploads\/2013\/11\/otava2-150x112.jpg 150w, https:\/\/www.worwani.eu\/wp-content\/uploads\/2013\/11\/otava2-160x120.jpg 160w\" sizes=\"auto, (max-width: 300px) 100vw, 300px\" \/>V \u00fater\u00fd jsme m\u011bli napl\u00e1nov\u00e1no doplout do \u0160t\u011bkn\u011b. P\u0159i rann\u00edm p\u0159evozu aut se uk\u00e1zalo, \u017ee dopravn\u00ed situace ve Strakonic\u00edch je v\u00fdrazn\u011b slo\u017eit\u011bj\u0161\u00ed, ne\u017e jsme v tu chv\u00edli byli schopni zvl\u00e1dnout. Na\u0161e zhruba dvan\u00e1cti\u010dlenn\u00e1 flotila se po tematick\u00e9m okruhu po parkovi\u0161t\u00edch m\u00edstn\u00edch n\u00e1kupn\u00edch center roztrhala na t\u0159i party (no jo, no, m\u016f\u017eu za to j\u00e1&#8230;) a do \u0160t\u011bkn\u011b dojela p\u0159esn\u011b v opa\u010dn\u00e9m po\u0159ad\u00ed, ne\u017e ve kter\u00e9m vyrazila. Plavba po vod\u011b u\u017e pak byla, co si vzpom\u00edn\u00e1m, celkem poklidn\u00e1&#8230;<\/p>\n<p>Ve st\u0159edu n\u00e1s v\u00fdrazn\u011b ubylo. Odjeli Sl\u016f\u0148ovci a cel\u00e1 parta kolem B\u00e1beho. My zbyl\u00ed vyrazili do Putimi. T\u00e1bo\u0159i\u0161t\u011b na soutoku s Blanic\u00ed bylo p\u0159erovnan\u00e9 povodn\u00ed, ale jak\u017etak\u017e fungovalo. Voda byla toho dne pohodov\u00e1, vtipn\u00e1 byla zast\u00e1vka v kiosku na jezu v Nov\u00fdch Kest\u0159anech. Majitelka asi v \u017eivot\u011b nevid\u011bla patn\u00e1ct z\u00e1kazn\u00edk\u016f pohromad\u011b a vypadalo to, \u017ee se j\u00ed z toho malinko zava\u0159il procesor. Ale topinky vyrobila luxusn\u00ed.<\/p>\n<p>Bezkonkuren\u010dn\u00edm vrcholem Otavsk\u00fdch kemp\u016f je t\u00e1bo\u0159i\u0161t\u011b Vrcovice. Podle pr\u016fvodce je to bezm\u00e1la p\u016flkilometrov\u00fd rozlehl\u00fd are\u00e1l na prav\u00e9m b\u0159ehu \u0159eky nab\u00edzej\u00edc\u00ed prakticky v\u0161echno, na\u010d si jen vzpomenete. Nejd\u0159\u00edv jsme to v\u016fbec nemohli naj\u00edt. Po asi kilometrov\u00e9 cest\u011b mezi poli (u\u017e jsme za\u010d\u00ednali lehce nerv\u00f3zn\u011bt) se z ro\u0161t\u00ed vylouplo p\u00e1r shnil\u00fdch karavan\u016f a rezav\u00e1 cedule \u201eT\u00e1bo\u0159i\u0161t\u011b Vrcovice\u201c. Nikde ani \u017eiv\u00e1\u010dka. Jeli jsme d\u00e1l mezi kop\u0159ivami, kostrami karavan\u016f a stavebn\u00edch bun\u011bk, a\u017e jsme narazili na pl\u00e1cek, kde st\u00e1lo p\u00e1r aut a obsazen\u00fdch bydl\u00edk\u016f. Rozhl\u00ed\u017eeli jsme se, kde nech\u00e1me auta, kdy\u017e tu se odkudsi vyno\u0159il chlap\u00edk v umoun\u011bn\u00fdch mont\u00e9rk\u00e1ch a houkl na n\u00e1s co tady jako pohled\u00e1v\u00e1me a pro\u010d n\u00e1m (cituji) \u201ety \u010dch\u016f\u016f\u016fr\u00e1ci ne\u0159ekli, \u017ee lod\u011b se vracej a\u017e u druh\u00fdho jezu\u201c (konec cit\u00e1tu)&#8230; Pak m\u00e1vl rukou sm\u011brem k hrbolat\u00e9mu pl\u00e1cku ve svahu, kde le\u017eely v \u0159\u00e1dc\u00edch \u010derstv\u011b pose\u010den\u00e9 metrov\u00e9 kop\u0159ivy a pravil, \u017ee si tam m\u016f\u017eem postavit stany. Ale b\u011bda, jestli tam budem d\u011blat ohe\u0148. V\u017edycky si prej vo ty \u0161utry z ohni\u0161t\u011b roz\u0161vih\u00e1 seka\u010dku. Byl jsem v poku\u0161en\u00ed mu poradit, aby teda ty kop\u0159ivy sekl \u010dast\u011bjc ne\u017e jednou za p\u016fl roku, \u017ee v tom ty \u0161utry pak budou vid\u011bt, ale rad\u0161i jsem to spolkl.<\/p>\n<p>No, co si budem pov\u00eddat, \u00fapln\u011b n\u00e1s nep\u0159esv\u011bd\u010dil. Popojeli jsme tedy je\u0161t\u011b d\u00e1l a narazili na hospodu. P\u0159ed n\u00ed bylo evidentn\u011b nevyu\u017eit\u00e9 travnat\u00e9 h\u0159i\u0161t\u011b. Sle\u010dna z v\u00fd\u010depu n\u00e1m sd\u011blila, \u017ee se u hospody m\u016f\u017eem ubytovat, na h\u0159i\u0161ti ale ne, bo pat\u0159\u00ed povod\u00ed. Ale nad hospodou je prej sokolsk\u00e1 ubytovna a tu m\u016f\u017eem vyu\u017e\u00edt. No&#8230; vyvr\u00e1cen\u00e9 dve\u0159e, hora bordelu a vrak dod\u00e1vky, kter\u00e9 se odtamtud na n\u00e1s sm\u00e1ly, n\u00e1s taky zrovna extra nenadchly. Ka\u017edop\u00e1dn\u011b jsme tam nechali auta a jeli zp\u00e1tky do Putimi. Mn\u011b u\u017e to bylo celkem jedno, m\u011bli jsme s rodinou v pl\u00e1nu stejn\u011b vyrazit dom\u016f. Ostatn\u00ed nakonec vymysleli, \u017ee se je\u0161t\u011b ten ve\u010der p\u0159esunou na Zv\u00edkov.<\/p>\n<p>B\u011bhem dne se trochu kazilo po\u010das\u00ed a za\u010dalo foukat. Samoz\u0159ejm\u011b p\u0159\u00edmo proti n\u00e1m. Na nekone\u010dn\u00fdm (by\u0165 krajinov\u011b n\u00e1dhern\u00fdm) voleji p\u0159ed P\u00edskem jsme se docela vyvztekali. Kdy\u017e n\u00e1s pak je\u0161t\u011b dost nevyb\u00edrav\u011b odp\u00e1lkovali z hospody (jak n\u00e1s proboha v\u016fbec napadlo, \u017ee by o p\u016fl druh\u00fd odpoledne je\u0161t\u011b mohli va\u0159it), byl jsem u\u017e zralej d\u00e1t n\u011bkomu p\u00e1r facek. Nakonec to zachr\u00e1nil vynikaj\u00edc\u00ed ob\u011bd na ostrov\u011b kdesi uprost\u0159ed m\u011bsta. Po\u010das\u00ed se nakonec taky umoud\u0159ilo a \u0159eka za P\u00edskem chv\u00edlema i celkem slu\u0161n\u011b tekla.<\/p>\n<p>My jsme pak ve Vrcovic\u00edch nalo\u017eili auto a vyrazili spole\u010dn\u011b s Jurou a Mark\u00e9tou dom\u016f. Zbytek se vypravil na Zv\u00edkov. Co jsem se tak doslechl, do\u0161lo tam\u00a0mezi nima k n\u011bjak\u00fd \u0161arv\u00e1tce. Snad se prej m\u00e1valo i \u0161avl\u00ed \ud83d\ude42<\/p>\n<p><i style=\"line-height: 24px;\"><a style=\"color: #ff4b33;\" href=\"http:\/\/www.worwani.eu\/wp-content\/uploads\/2013\/11\/otava5.jpg\"><img loading=\"lazy\" decoding=\"async\" class=\"size-medium wp-image-353 alignright\" alt=\"otava5\" src=\"http:\/\/www.worwani.eu\/wp-content\/uploads\/2013\/11\/otava5.jpg\" width=\"200\" height=\"150\" srcset=\"https:\/\/www.worwani.eu\/wp-content\/uploads\/2013\/11\/otava5.jpg 200w, https:\/\/www.worwani.eu\/wp-content\/uploads\/2013\/11\/otava5-150x112.jpg 150w, https:\/\/www.worwani.eu\/wp-content\/uploads\/2013\/11\/otava5-160x120.jpg 160w\" sizes=\"auto, (max-width: 200px) 100vw, 200px\" \/><\/a><\/i><i>&#8230;jo &#8211; a je\u0161t\u011b dodatek. Ve \u0160t\u011bkni jsem na\u0161el tenhle n\u016f\u017e.<i>\u00a0Dote\u010fka jsem nep\u0159i\u0161el na to, \u010d\u00ed je. Tipuju, \u017ee bude n\u011bkoho z t\u011bch, kdo odj\u00ed\u017ed\u011bli v \u00fater\u00fd ve\u010der. O\u010dek\u00e1v\u00e1me, \u017ee majitel se dostav\u00ed s lahvinkou n\u011b\u010deho dobr\u00e9ho do b\u0159\u00ed\u0161ka, bo WorWan\u00ed alkoholick\u00fd archiv se po ned\u00e1vn\u00e9 voroplavb\u011b jaksi podivuhodn\u011b ztratil \ud83d\ude42<br \/>\n<\/i><\/i><\/p>\n<p><i>\u00a0\u00a0\u00a0<\/i><i style=\"line-height: 24px;\">\u00a0<\/i><\/p>\n<p>HOWGH<\/p>\n<p><i style=\"color: #884400; font-family: Verdana, 'Geneva CE', lucida, sans-serif; line-height: 17px; text-align: justify; background-color: #fff7d3;\">\u00a0<\/i><\/p>\n","protected":false},"excerpt":{"rendered":"<p><img loading=\"lazy\" decoding=\"async\" class=\"size-medium wp-image-351 alignleft\" style=\"font-size: 12px; line-height: 18px;\" alt=\"otava3\" src=\"http:\/\/www.worwani.eu\/wp-content\/uploads\/2013\/11\/otava3.jpg\" width=\"300\" height=\"225\" srcset=\"https:\/\/www.worwani.eu\/wp-content\/uploads\/2013\/11\/otava3.jpg 300w, https:\/\/www.worwani.eu\/wp-content\/uploads\/2013\/11\/otava3-200x150.jpg 200w, https:\/\/www.worwani.eu\/wp-content\/uploads\/2013\/11\/otava3-150x112.jpg 150w, https:\/\/www.worwani.eu\/wp-content\/uploads\/2013\/11\/otava3-160x120.jpg 160w\" sizes=\"auto, (max-width: 300px) 100vw, 300px\" \/>Je asi na\u010dase sepsat trochu pov\u00edd\u00e1n\u00ed o na\u0161\u00ed leto\u0161n\u00ed spole\u010dn\u00e9 letn\u00ed Otav\u011b. Usoudil jsem, \u017ee dal\u0161\u00ed odkl\u00e1d\u00e1n\u00ed nepovede k ni\u010demu, proto\u017ee:<br \/> a) D\u00edky n\u00e1sleduj\u00edc\u00edmu pom\u011brn\u011b adrenalinov\u00e9mu z\u00e1jezdu na Lu\u017enici s partou pali\u010d\u016f trnkovice se mi z\u00e1\u017eitky z obou vod n\u011bjak podivn\u00fdm zp\u016fsobem sm\u00edchaly dohromady.<br \/> b) Nikdo to za m\u011b nesep\u00ed\u0161e. Teda vlastn\u011b \u2013 B\u00e1ba tvrd\u00ed, \u017ee by sepsal, ale pak by to mohlo vypadat, \u017ee jedna p\u016flka party byla na \u00fapln\u011b  \u2026 <a href=\"https:\/\/www.worwani.eu\/?page_id=155\">pro pokra\u010dov\u00e1n\u00ed ve \u010dten\u00ed klikn\u011bte tady&#8230; <span class=\"meta-nav\">&rarr; <\/span><\/a><\/p>\n","protected":false},"author":2,"featured_media":0,"parent":75,"menu_order":0,"comment_status":"open","ping_status":"open","template":"","meta":{"_bbp_topic_count":0,"_bbp_reply_count":0,"_bbp_total_topic_count":0,"_bbp_total_reply_count":0,"_bbp_voice_count":0,"_bbp_anonymous_reply_count":0,"_bbp_topic_count_hidden":0,"_bbp_reply_count_hidden":0,"_bbp_forum_subforum_count":0,"footnotes":""},"class_list":["post-155","page","type-page","status-publish","hentry"],"_links":{"self":[{"href":"https:\/\/www.worwani.eu\/index.php?rest_route=\/wp\/v2\/pages\/155","targetHints":{"allow":["GET"]}}],"collection":[{"href":"https:\/\/www.worwani.eu\/index.php?rest_route=\/wp\/v2\/pages"}],"about":[{"href":"https:\/\/www.worwani.eu\/index.php?rest_route=\/wp\/v2\/types\/page"}],"author":[{"embeddable":true,"href":"https:\/\/www.worwani.eu\/index.php?rest_route=\/wp\/v2\/users\/2"}],"replies":[{"embeddable":true,"href":"https:\/\/www.worwani.eu\/index.php?rest_route=%2Fwp%2Fv2%2Fcomments&post=155"}],"version-history":[{"count":3,"href":"https:\/\/www.worwani.eu\/index.php?rest_route=\/wp\/v2\/pages\/155\/revisions"}],"predecessor-version":[{"id":157,"href":"https:\/\/www.worwani.eu\/index.php?rest_route=\/wp\/v2\/pages\/155\/revisions\/157"}],"up":[{"embeddable":true,"href":"https:\/\/www.worwani.eu\/index.php?rest_route=\/wp\/v2\/pages\/75"}],"wp:attachment":[{"href":"https:\/\/www.worwani.eu\/index.php?rest_route=%2Fwp%2Fv2%2Fmedia&parent=155"}],"curies":[{"name":"wp","href":"https:\/\/api.w.org\/{rel}","templated":true}]}}