{"id":1349,"date":"2013-12-12T08:16:25","date_gmt":"2013-12-12T07:16:25","guid":{"rendered":"http:\/\/www.worwani.eu\/?page_id=1349"},"modified":"2015-04-10T09:01:09","modified_gmt":"2015-04-10T07:01:09","slug":"vysoce-profesionalni-nahravky","status":"publish","type":"page","link":"https:\/\/www.worwani.eu\/?page_id=1349","title":{"rendered":"Vysoce profesion\u00e1ln\u00ed nahr\u00e1fky :-)"},"content":{"rendered":"<p><strong>WorWan\u00ed a jejich \u0161\u00edlej\u00edc\u00ed fanynky ve Zvone\u010dku (10.12. 2013):<\/strong><\/p>\n<p><a href=\"http:\/\/www.youtube.com\/watch?v=e1ZIi_7qNxA&amp;feature=youtu.be\">F\u010del\u00edn<\/a><\/p>\n<p><a href=\"http:\/\/www.youtube.com\/watch?v=OnZriQt66DM&amp;feature=youtu.be\">P\u016fjdem spolu do Betl\u00e9ma<\/a><\/p>\n<p><a href=\"http:\/\/www.youtube.com\/watch?v=SAIc1Nk_LCg&amp;feature=youtu.be\">Pocity<\/a><\/p>\n<h3><strong>WorWan\u00ed na Jit\u010din\u00fdch narozenin\u00e1ch (27.3. 2015) \u00a0 \u00a0 \u00a0 \u00a0 \u00a0 \u00a0 \u00a0 \u00a0 \u00a0 \u00a0 \u00a0 \u00a0 \u00a0 \u00a0 \u00a0 \u00a0 \u00a0 \u00a0 \u00a0 \u00a0 \u00a0 \u00a0 \u00a0 \u00a0 \u00a0 \u00a0 \u00a0 \u00a0 \u00a0 \u00a0 \u00a0 \u00a0 \u00a0 \u00a0 \u00a0 \u00a0 \u00a0 \u00a0 \u00a0 \u00a0 \u00a0 \u00a0 \u00a0 \u00a0 \u00a0 \u00a0 \u00a0 \u00a0 \u00a0 \u00a0 \u00a0 \u00a0 \u00a0<\/strong><\/h3>\n<h5><em>(kdybyste m\u011bli pocit, \u017ee tam n\u011bjak chyb\u00ed dechov\u00e9 n\u00e1stroje, tedy v\u011bzte, \u017ee J\u00e9\u0148ucha s Pafkou prost\u011b jaksi nepot\u0159ebuj\u00ed hr\u00e1t do mikrof\u00f3nu&#8230; \ud83d\ude42<\/em><\/h5>\n<p>Kluzi\u0161t\u011b:<\/p>\n<audio class=\"wp-audio-shortcode\" id=\"audio-1349-1\" preload=\"none\" style=\"width: 100%;\" controls=\"controls\"><source type=\"audio\/mpeg\" src=\"http:\/\/www.worwani.eu\/wp-content\/uploads\/2013\/12\/Kluzi\u0161t\u011b.mp3?_=1\" \/><a href=\"http:\/\/www.worwani.eu\/wp-content\/uploads\/2013\/12\/Kluzi\u0161t\u011b.mp3\">http:\/\/www.worwani.eu\/wp-content\/uploads\/2013\/12\/Kluzi\u0161t\u011b.mp3<\/a><\/audio>\n<p>&nbsp;<\/p>\n<p>Pocity:<\/p>\n<audio class=\"wp-audio-shortcode\" id=\"audio-1349-2\" preload=\"none\" style=\"width: 100%;\" controls=\"controls\"><source type=\"audio\/mpeg\" src=\"http:\/\/www.worwani.eu\/wp-content\/uploads\/2013\/12\/Pocity.mp3?_=2\" \/><a href=\"http:\/\/www.worwani.eu\/wp-content\/uploads\/2013\/12\/Pocity.mp3\">http:\/\/www.worwani.eu\/wp-content\/uploads\/2013\/12\/Pocity.mp3<\/a><\/audio>\n<p>&nbsp;<\/p>\n<p>Bitva o Karl\u016fv most:<\/p>\n<audio class=\"wp-audio-shortcode\" id=\"audio-1349-3\" preload=\"none\" style=\"width: 100%;\" controls=\"controls\"><source type=\"audio\/mpeg\" src=\"http:\/\/www.worwani.eu\/wp-content\/uploads\/2013\/12\/Bitva-o-Karl\u016fv-most.mp3?_=3\" \/><a href=\"http:\/\/www.worwani.eu\/wp-content\/uploads\/2013\/12\/Bitva-o-Karl\u016fv-most.mp3\">http:\/\/www.worwani.eu\/wp-content\/uploads\/2013\/12\/Bitva-o-Karl\u016fv-most.mp3<\/a><\/audio>\n<p>&nbsp;<\/p>\n<p>Raindrops:<\/p>\n<audio class=\"wp-audio-shortcode\" id=\"audio-1349-4\" preload=\"none\" style=\"width: 100%;\" controls=\"controls\"><source type=\"audio\/mpeg\" src=\"http:\/\/www.worwani.eu\/wp-content\/uploads\/2013\/12\/Raindrops.mp3?_=4\" \/><a href=\"http:\/\/www.worwani.eu\/wp-content\/uploads\/2013\/12\/Raindrops.mp3\">http:\/\/www.worwani.eu\/wp-content\/uploads\/2013\/12\/Raindrops.mp3<\/a><\/audio>\n","protected":false},"excerpt":{"rendered":"<p><strong>WorWan\u00ed a jejich \u0161\u00edlej\u00edc\u00ed fanynky ve Zvone\u010dku (10.12. 2013):<\/strong><\/p>\n<p><a href=\"http:\/\/www.youtube.com\/watch?v=e1ZIi_7qNxA&amp;feature=youtu.be\">F\u010del\u00edn<\/a><\/p>\n<p><a href=\"http:\/\/www.youtube.com\/watch?v=OnZriQt66DM&amp;feature=youtu.be\">P\u016fjdem spolu do Betl\u00e9ma<\/a><\/p>\n<p><a href=\"http:\/\/www.youtube.com\/watch?v=SAIc1Nk_LCg&amp;feature=youtu.be\">Pocity<\/a><\/p>\n<h3><strong>WorWan\u00ed na Jit\u010din\u00fdch narozenin\u00e1ch (27.3. 2015) \u00a0 \u00a0 \u00a0 \u00a0 \u00a0 \u00a0 \u00a0 \u00a0 \u00a0 \u00a0 \u00a0 \u00a0 \u00a0 \u00a0 \u00a0 \u00a0 \u00a0 \u00a0 \u00a0 \u00a0 \u00a0 \u00a0 \u00a0 \u00a0 \u00a0 \u00a0 \u00a0 \u00a0 \u00a0 \u00a0 \u00a0 \u00a0 \u00a0 \u00a0 \u00a0 \u00a0 \u00a0 \u00a0 \u00a0 \u00a0 \u00a0 \u00a0 \u00a0 \u00a0 \u00a0 \u00a0 \u00a0 \u00a0 \u00a0 \u00a0 \u00a0 \u00a0 \u00a0<\/strong><\/h3>\n<h5><em>(kdybyste m\u011bli pocit, \u017ee tam n\u011bjak chyb\u00ed dechov\u00e9 n\u00e1stroje, tedy v\u011bzte, \u017ee J\u00e9\u0148ucha s Pafkou prost\u011b jaksi nepot\u0159ebuj\u00ed hr\u00e1t do mikrof\u00f3nu&#8230; \ud83d\ude42<\/em><\/h5>\n<p>Kluzi\u0161t\u011b:<\/p>\n<p>  \u2026 <a href=\"https:\/\/www.worwani.eu\/?page_id=1349\">pro pokra\u010dov\u00e1n\u00ed ve \u010dten\u00ed klikn\u011bte tady&#8230; <span class=\"meta-nav\">&rarr; <\/span><\/a><\/p>\n","protected":false},"author":2,"featured_media":0,"parent":46,"menu_order":0,"comment_status":"open","ping_status":"closed","template":"","meta":{"_bbp_topic_count":0,"_bbp_reply_count":0,"_bbp_total_topic_count":0,"_bbp_total_reply_count":0,"_bbp_voice_count":0,"_bbp_anonymous_reply_count":0,"_bbp_topic_count_hidden":0,"_bbp_reply_count_hidden":0,"_bbp_forum_subforum_count":0,"footnotes":""},"class_list":["post-1349","page","type-page","status-publish","hentry"],"_links":{"self":[{"href":"https:\/\/www.worwani.eu\/index.php?rest_route=\/wp\/v2\/pages\/1349","targetHints":{"allow":["GET"]}}],"collection":[{"href":"https:\/\/www.worwani.eu\/index.php?rest_route=\/wp\/v2\/pages"}],"about":[{"href":"https:\/\/www.worwani.eu\/index.php?rest_route=\/wp\/v2\/types\/page"}],"author":[{"embeddable":true,"href":"https:\/\/www.worwani.eu\/index.php?rest_route=\/wp\/v2\/users\/2"}],"replies":[{"embeddable":true,"href":"https:\/\/www.worwani.eu\/index.php?rest_route=%2Fwp%2Fv2%2Fcomments&post=1349"}],"version-history":[{"count":10,"href":"https:\/\/www.worwani.eu\/index.php?rest_route=\/wp\/v2\/pages\/1349\/revisions"}],"predecessor-version":[{"id":1949,"href":"https:\/\/www.worwani.eu\/index.php?rest_route=\/wp\/v2\/pages\/1349\/revisions\/1949"}],"up":[{"embeddable":true,"href":"https:\/\/www.worwani.eu\/index.php?rest_route=\/wp\/v2\/pages\/46"}],"wp:attachment":[{"href":"https:\/\/www.worwani.eu\/index.php?rest_route=%2Fwp%2Fv2%2Fmedia&parent=1349"}],"curies":[{"name":"wp","href":"https:\/\/api.w.org\/{rel}","templated":true}]}}