{"id":1137,"date":"2013-11-18T10:36:48","date_gmt":"2013-11-18T09:36:48","guid":{"rendered":"http:\/\/www.worwani.eu\/?page_id=1137"},"modified":"2018-05-16T10:42:15","modified_gmt":"2018-05-16T08:42:15","slug":"fotky","status":"publish","type":"page","link":"https:\/\/www.worwani.eu\/?page_id=1137","title":{"rendered":"Fotky"},"content":{"rendered":"<p><a href=\"http:\/\/worwani.rajce.idnes.cz\/Zabijacka_2013\/\">2013 &#8211; Zabija\u010dka<\/a><\/p>\n<p><a href=\"https:\/\/plus.google.com\/photos\/103841847837459087822\/albums\/6014402810845454097?authkey=CLei3oyvy5KEugE\">2014 &#8211; Jarn\u00ed Slovinsko<\/a><\/p>\n<p><a href=\"http:\/\/worwani1.rajce.idnes.cz\/Stvoridla_25.5._2014\">2014 &#8211; Stvo\u0159idla v kv\u011btnu<\/a><\/p>\n<p><a href=\"http:\/\/worwani1.rajce.idnes.cz\/Bahnak_2014\">2014 &#8211; Dejf a Militant &#8211; Bah\u0148\u00e1k 2014<\/a><\/p>\n<p><a href=\"http:\/\/worwani1.rajce.idnes.cz\/Kwisa,_zari_2014\">2014 &#8211; Polsko v z\u00e1\u0159\u00ed &#8211; Kwisa\u00a0<\/a><\/p>\n<p><a href=\"http:\/\/worwani1.rajce.idnes.cz\/Krounka_11.1._2015\">2015 &#8211; Lednov\u00e1 Krounka<\/a><\/p>\n<p><a href=\"http:\/\/worwani1.rajce.idnes.cz\/Moll_a_Drava%2C_podzim_2016\/\" target=\"_blank\" rel=\"noopener noreferrer\">2016 &#8211; podzimn\u00ed Moll a Dr\u00e1va\u00a0<\/a><\/p>\n<p><a href=\"https:\/\/worwani1.rajce.idnes.cz\/Svycarsko_2017\/\" target=\"_blank\" rel=\"noopener noreferrer\"><span style=\"color: #3366ff;\">2017 &#8211; Loisach, Vorderrhein, Saalach<\/span><\/a><\/p>\n<p><a href=\"https:\/\/worwani1.rajce.idnes.cz\/Nemecko%2C_Rakousko_-_jaro_2018\/\">2018 -Loisach, Isar, Inn, Lech, Ammer<\/a><\/p>\n","protected":false},"excerpt":{"rendered":"<p><a href=\"http:\/\/worwani.rajce.idnes.cz\/Zabijacka_2013\/\">2013 &#8211; Zabija\u010dka<\/a><\/p>\n<p><a href=\"https:\/\/plus.google.com\/photos\/103841847837459087822\/albums\/6014402810845454097?authkey=CLei3oyvy5KEugE\">2014 &#8211; Jarn\u00ed Slovinsko<\/a><\/p>\n<p><a href=\"http:\/\/worwani1.rajce.idnes.cz\/Stvoridla_25.5._2014\">2014 &#8211; Stvo\u0159idla v kv\u011btnu<\/a><\/p>\n<p><a href=\"http:\/\/worwani1.rajce.idnes.cz\/Bahnak_2014\">2014 &#8211; Dejf a Militant &#8211; Bah\u0148\u00e1k 2014<\/a><\/p>\n<p><a href=\"http:\/\/worwani1.rajce.idnes.cz\/Kwisa,_zari_2014\">2014 &#8211; Polsko v z\u00e1\u0159\u00ed &#8211; Kwisa\u00a0<\/a><\/p>\n<p><a href=\"http:\/\/worwani1.rajce.idnes.cz\/Krounka_11.1._2015\">2015 &#8211; Lednov\u00e1 Krounka<\/a><\/p>\n<p><a href=\"http:\/\/worwani1.rajce.idnes.cz\/Moll_a_Drava%2C_podzim_2016\/\" target=\"_blank\" rel=\"noopener noreferrer\">2016 &#8211; podzimn\u00ed Moll a Dr\u00e1va\u00a0<\/a><\/p>\n<p><a href=\"https:\/\/worwani1.rajce.idnes.cz\/Svycarsko_2017\/\" target=\"_blank\" rel=\"noopener noreferrer\">2017 &#8211; Loisach, Vorderrhein, Saalach<\/a><\/p>\n<p><a href=\"https:\/\/worwani1.rajce.idnes.cz\/Nemecko%2C_Rakousko_-_jaro_2018\/\">2018 -Loisach, Isar, Inn, Lech, Ammer<\/a><\/p>\n","protected":false},"author":1,"featured_media":0,"parent":1132,"menu_order":0,"comment_status":"open","ping_status":"open","template":"","meta":{"_bbp_topic_count":0,"_bbp_reply_count":0,"_bbp_total_topic_count":0,"_bbp_total_reply_count":0,"_bbp_voice_count":0,"_bbp_anonymous_reply_count":0,"_bbp_topic_count_hidden":0,"_bbp_reply_count_hidden":0,"_bbp_forum_subforum_count":0,"footnotes":""},"class_list":["post-1137","page","type-page","status-publish","hentry"],"_links":{"self":[{"href":"https:\/\/www.worwani.eu\/index.php?rest_route=\/wp\/v2\/pages\/1137","targetHints":{"allow":["GET"]}}],"collection":[{"href":"https:\/\/www.worwani.eu\/index.php?rest_route=\/wp\/v2\/pages"}],"about":[{"href":"https:\/\/www.worwani.eu\/index.php?rest_route=\/wp\/v2\/types\/page"}],"author":[{"embeddable":true,"href":"https:\/\/www.worwani.eu\/index.php?rest_route=\/wp\/v2\/users\/1"}],"replies":[{"embeddable":true,"href":"https:\/\/www.worwani.eu\/index.php?rest_route=%2Fwp%2Fv2%2Fcomments&post=1137"}],"version-history":[{"count":15,"href":"https:\/\/www.worwani.eu\/index.php?rest_route=\/wp\/v2\/pages\/1137\/revisions"}],"predecessor-version":[{"id":2489,"href":"https:\/\/www.worwani.eu\/index.php?rest_route=\/wp\/v2\/pages\/1137\/revisions\/2489"}],"up":[{"embeddable":true,"href":"https:\/\/www.worwani.eu\/index.php?rest_route=\/wp\/v2\/pages\/1132"}],"wp:attachment":[{"href":"https:\/\/www.worwani.eu\/index.php?rest_route=%2Fwp%2Fv2%2Fmedia&parent=1137"}],"curies":[{"name":"wp","href":"https:\/\/api.w.org\/{rel}","templated":true}]}}